{"id":10,"date":"2021-12-21T09:46:38","date_gmt":"2021-12-21T09:46:38","guid":{"rendered":"https:\/\/startersites.io\/elementor\/homi\/?page_id=10"},"modified":"2025-04-19T07:05:59","modified_gmt":"2025-04-19T07:05:59","slug":"refund_returns-2","status":"publish","type":"page","link":"https:\/\/ayurvedafan.eu\/et\/refund_returns-2\/","title":{"rendered":"Tagastus- ja tagastuspoliitika"},"content":{"rendered":"<div data-elementor-type=\"wp-page\" data-elementor-id=\"10\" class=\"elementor elementor-10\">\n\t\t\t\t<div class=\"elementor-element elementor-element-48bb224c e-flex e-con-boxed e-con e-parent\" data-id=\"48bb224c\" data-element_type=\"container\" data-e-type=\"container\">\n\t\t\t\t\t<div class=\"e-con-inner\">\n\t\t\t\t<div class=\"elementor-element elementor-element-408f714 elementor-widget elementor-widget-text-editor\" data-id=\"408f714\" data-element_type=\"widget\" data-e-type=\"widget\" data-widget_type=\"text-editor.default\">\n\t\t\t\t<div class=\"elementor-widget-container\">\n\t\t\t\t\t\t\t\t\t\n<p><b>See on n\u00e4idisleht.<\/b><\/p>\n\n\n\n<h3>\u00dclevaade<\/h3>\n\n\n\n<p>Meie raha tagastamise ja tagastamise poliitika kehtib 30 p\u00e4eva. Kui ostust on m\u00f6\u00f6dunud 30 p\u00e4eva, ei saa me teile t\u00e4ielikku raha tagastamist ega vahetust pakkuda.<\/p>\n\n\n\n<p>Tagastamise \u00f5iguse saamiseks peab teie toode olema kasutamata ja samas seisukorras, milles te selle saite. See peab olema ka originaalpakendis.<\/p>\n\n\n\n<p>Tagastamisest on vabastatud mitut t\u00fc\u00fcpi kaupu. Kergesti riknevaid kaupu, nagu toit, lilled, ajalehed v\u00f5i ajakirjad, ei saa tagastada. Samuti ei aktsepteeri me intiim- v\u00f5i h\u00fcgieenitarbeid, ohtlikke materjale ega tuleohtlikke vedelikke v\u00f5i gaase.<\/p>\n\n\n\n<p>Lisatagastamatud kaubad:<\/p>\n\n\n\n<ul class=\"wp-block-list\">\n<li>Kinkekaardid<\/li>\n<li>Allalaaditavad tarkvaratooted<\/li>\n<li>M\u00f5ned tervise- ja isikuhooldustooted<\/li>\n<\/ul>\n\n\n\n<p>Tagastuse vormistamiseks vajame kviitungit v\u00f5i ostut\u00f5endit.<\/p>\n\n\n\n<p>Palun \u00e4rge saatke oma ostu tootjale tagasi.<\/p>\n\n\n\n<p>On olukordi, kus makstakse ainult osalist tagasimakset:<\/p>\n\n\n\n<ul class=\"wp-block-list\">\n<li>Raamat ilmsete kasutusj\u00e4lgedega<\/li>\n<li>Avatud CD, DVD, VHS-kassett, tarkvara, videom\u00e4ng, kassettlint v\u00f5i vin\u00fc\u00fclplaat.<\/li>\n<li>Iga ese, mis ei ole algses seisukorras, on kahjustatud v\u00f5i millel puuduvad osad p\u00f5hjustel, mis ei ole tingitud meie veast.<\/li>\n<li>K\u00f5ik tooted, mis tagastatakse rohkem kui 30 p\u00e4eva p\u00e4rast kohaletoimetamist<\/li>\n<\/ul>\n\n\n\n<h2>Tagasimaksed<\/h2>\n\n\n\n<p>Kui teie tagastus on k\u00e4tte saadud ja \u00fcle vaadatud, saadame teile e-kirja, et teavitada teid tagastatud toote k\u00e4ttesaamisest. Samuti teavitame teid teie raha tagastamise kinnitamisest v\u00f5i tagasil\u00fckkamisest.<\/p>\n\n\n\n<p>Kui teie taotlus kiidetakse heaks, t\u00f6\u00f6deldakse teie tagasimakset ja teie krediitkaardile v\u00f5i algsele makseviisile kantakse teatud p\u00e4evade jooksul automaatselt krediit.<\/p>\n\n\n\n<b>Hilinenud v\u00f5i puuduvad tagasimaksed<\/b>\n\n\n\n<p>Kui te pole veel tagasimakset saanud, kontrollige k\u00f5igepealt uuesti oma pangakontot.<\/p>\n\n\n\n<p>Seej\u00e4rel v\u00f5tke \u00fchendust oma krediitkaardifirmaga, tagasimakse ametlikuks laekumiseks v\u00f5ib kuluda veidi aega.<\/p>\n\n\n\n<p>J\u00e4rgmiseks v\u00f5tke \u00fchendust oma pangaga. Enne tagasimakse tegemist kulub sageli veidi aega t\u00f6\u00f6tlemiseks.<\/p>\n\n\n\n<p>Kui olete k\u00f5ik selle teinud ja te pole ikka veel oma raha tagasi saanud, v\u00f5tke meiega \u00fchendust aadressil {email address}.<\/p>\n\n\n\n<b>Allahindlusega tooted<\/b>\n\n\n\n<p>Tagastada saab ainult tavahinnaga tooteid. Allahindlusega toodete eest raha tagasi ei maksta.<\/p>\n\n\n\n<h2>Vahetused<\/h2>\n\n\n\n<p>Asendame tooteid ainult siis, kui need on defektsed v\u00f5i kahjustatud. Kui soovite toote sama toote vastu vahetada, saatke meile e-kiri aadressile {email address} ja saatke oma toode aadressile: {physical address}.<\/p>\n\n\n\n<h2>Kingitused<\/h2>\n\n\n\n<p>Kui ese oli ostmisel m\u00e4rgitud kingituseks ja see saadeti otse teile, saate tagastuse v\u00e4\u00e4rtuse ulatuses kinkekrediiti. Kui tagastatud ese on k\u00e4tte saadud, saadetakse teile kinkekaart posti teel.<\/p>\n\n\n\n<p>Kui eset ostmisel kingitusena ei m\u00e4rgitud v\u00f5i kui kinkija lasi tellimuse endale saata, et see teile hiljem \u00fcle anda, saadame kinkijale raha tagasi ja ta saab teie tagastuse kohta teada.<\/p>\n\n\n\n<h2>Saatmise tagastused<\/h2>\n\n\n\n<p>Toote tagastamiseks peaksite selle postiaadressile saatma aadressile: {f\u00fc\u00fcsiline aadress}.<\/p>\n\n\n\n<p>Tagastamise saatmiskulud j\u00e4\u00e4vad teie kanda. Saatmiskulud ei ole tagastatavad. Kui saate raha tagasi, arvatakse tagastuskulud teie tagasimakstavast summast maha.<\/p>\n\n\n\n<p>S\u00f5ltuvalt teie elukohast v\u00f5ib vahetatud toote teieni j\u00f5udmiseks kuluv aeg erineda.<\/p>\n\n\n\n<p>Kallimate esemete tagastamisel v\u00f5ite kaaluda j\u00e4lgitava saatmisteenuse kasutamist v\u00f5i saatmiskindlustuse ostmist. Me ei garanteeri, et saame teie tagastatud eseme k\u00e4tte.<\/p>\n\n\n\n<h2>Vajad abi?<\/h2>\n\n\n\n<p>Tagasimaksete ja tagastamisega seotud k\u00fcsimuste korral v\u00f5tke meiega \u00fchendust aadressil {email}.<\/p>\n\t\t\t\t\t\t\t\t<\/div>\n\t\t\t\t<\/div>\n\t\t\t\t\t<\/div>\n\t\t\t\t<\/div>\n\t\t\t\t<\/div>","protected":false},"excerpt":{"rendered":"<p>This is a sample page. Overview Our refund and returns policy lasts 30 days. If 30 days have passed since your purchase, we can\u2019t offer you a full refund or exchange. To be eligible for a return, your item must be unused and in the same condition that you received it. It must also be [&hellip;]<\/p>\n","protected":false},"author":1,"featured_media":0,"parent":0,"menu_order":0,"comment_status":"closed","ping_status":"closed","template":"","meta":{"footnotes":""},"class_list":["post-10","page","type-page","status-publish","hentry"],"blocksy_meta":[],"jetpack_sharing_enabled":true,"_links":{"self":[{"href":"https:\/\/ayurvedafan.eu\/et\/wp-json\/wp\/v2\/pages\/10","targetHints":{"allow":["GET"]}}],"collection":[{"href":"https:\/\/ayurvedafan.eu\/et\/wp-json\/wp\/v2\/pages"}],"about":[{"href":"https:\/\/ayurvedafan.eu\/et\/wp-json\/wp\/v2\/types\/page"}],"author":[{"embeddable":true,"href":"https:\/\/ayurvedafan.eu\/et\/wp-json\/wp\/v2\/users\/1"}],"replies":[{"embeddable":true,"href":"https:\/\/ayurvedafan.eu\/et\/wp-json\/wp\/v2\/comments?post=10"}],"version-history":[{"count":3,"href":"https:\/\/ayurvedafan.eu\/et\/wp-json\/wp\/v2\/pages\/10\/revisions"}],"predecessor-version":[{"id":1698,"href":"https:\/\/ayurvedafan.eu\/et\/wp-json\/wp\/v2\/pages\/10\/revisions\/1698"}],"wp:attachment":[{"href":"https:\/\/ayurvedafan.eu\/et\/wp-json\/wp\/v2\/media?parent=10"}],"curies":[{"name":"t\u00f6\u00f6leht","href":"https:\/\/api.w.org\/{rel}","templated":true}]}}