{"id":3,"date":"2025-04-19T05:35:30","date_gmt":"2025-04-19T05:35:30","guid":{"rendered":"https:\/\/ayurvedafan.eu\/?page_id=3"},"modified":"2025-04-19T07:04:48","modified_gmt":"2025-04-19T07:04:48","slug":"privacy-policy-2","status":"publish","type":"page","link":"https:\/\/ayurvedafan.eu\/et\/privacy-policy-2\/","title":{"rendered":"Privaatsuspoliitika"},"content":{"rendered":"<div data-elementor-type=\"wp-page\" data-elementor-id=\"3\" class=\"elementor elementor-3\">\n\t\t\t\t<div class=\"elementor-element elementor-element-32b86097 e-flex e-con-boxed e-con e-parent\" data-id=\"32b86097\" data-element_type=\"container\" data-e-type=\"container\">\n\t\t\t\t\t<div class=\"e-con-inner\">\n\t\t\t\t<div class=\"elementor-element elementor-element-272de650 elementor-widget elementor-widget-text-editor\" data-id=\"272de650\" data-element_type=\"widget\" data-e-type=\"widget\" data-widget_type=\"text-editor.default\">\n\t\t\t\t<div class=\"elementor-widget-container\">\n\t\t\t\t\t\t\t\t\t\n<h2 class=\"wp-block-heading\">Kes me oleme<\/h2>\n\n\n<p><strong class=\"privacy-policy-tutorial\">Soovituslik tekst: <\/strong>Meie veebisaidi aadress on: https:\/\/ayurvedafan.eu.<\/p>\n\n\n<h2 class=\"wp-block-heading\">Kommentaarid<\/h2>\n\n\n<p><strong class=\"privacy-policy-tutorial\">Soovituslik tekst: <\/strong>Kui k\u00fclastajad saidile kommentaare j\u00e4tavad, kogume kommentaarivormil kuvatud andmeid ning r\u00e4mpsposti tuvastamise h\u00f5lbustamiseks ka k\u00fclastaja IP-aadressi ja brauseri kasutajaagendi stringi.<\/p>\n\n\n<p>Teie e-posti aadressist loodud anon\u00fc\u00fcmne string (nimetatakse ka r\u00e4siks) v\u00f5idakse Gravatar teenusele edastada, et n\u00e4ha, kas te seda kasutate. Gravatar teenuse privaatsuspoliitika on saadaval siin: https:\/\/automattic.com\/privacy\/. P\u00e4rast teie kommentaari kinnitamist on teie profiilipilt teie kommentaari kontekstis avalikkusele n\u00e4htav.<\/p>\n\n\n<h2 class=\"wp-block-heading\">Meedia<\/h2>\n\n\n<p><strong class=\"privacy-policy-tutorial\">Soovituslik tekst: <\/strong>Kui laadite veebisaidile \u00fcles pilte, peaksite v\u00e4ltima manustatud asukohaandmetega (EXIF GPS) piltide \u00fcleslaadimist. Veebisaidi k\u00fclastajad saavad veebisaidil olevatest piltidest asukohaandmeid alla laadida ja neist eraldada.<\/p>\n\n\n<h2 class=\"wp-block-heading\">K\u00fcpsised<\/h2>\n\n\n<p><strong class=\"privacy-policy-tutorial\">Soovituslik tekst: <\/strong>Kui j\u00e4tate meie saidile kommentaari, v\u00f5ite lubada oma nime, e-posti aadressi ja veebisaidi salvestamise k\u00fcpsistesse. Need on teie mugavuse huvides, et te ei peaks oma andmeid uuesti sisestama, kui j\u00e4rgmise kommentaari j\u00e4tate. Need k\u00fcpsised kestavad \u00fche aasta.<\/p>\n\n\n<p>Kui k\u00fclastate meie sisselogimislehte, m\u00e4\u00e4rame ajutise k\u00fcpsise, et teha kindlaks, kas teie brauser k\u00fcpsiseid aktsepteerib. See k\u00fcpsis ei sisalda isikuandmeid ja see kustutatakse brauseri sulgemisel.<\/p>\n\n\n<p>Sisselogimisel seadistame ka mitu k\u00fcpsist teie sisselogimisteabe ja ekraanikuva valikute salvestamiseks. Sisselogimisk\u00fcpsised kestavad kaks p\u00e4eva ja ekraanivalikute k\u00fcpsised aasta. Kui valite \u201ePea mind meeles\u201c, s\u00e4ilivad teie sisselogimisandmed kaks n\u00e4dalat. Kui logite oma kontolt v\u00e4lja, eemaldatakse sisselogimisk\u00fcpsised.<\/p>\n\n\n<p>Artikli muutmisel v\u00f5i avaldamisel salvestatakse teie brauserisse t\u00e4iendav k\u00fcpsis. See k\u00fcpsis ei sisalda isikuandmeid ja n\u00e4itab lihtsalt \u00e4sja muudetud artikli postituse ID-d. See aegub 1 p\u00e4eva p\u00e4rast.<\/p>\n\n\n<h2 class=\"wp-block-heading\">Teistelt veebisaitidelt manustatud sisu<\/h2>\n\n\n<p><strong class=\"privacy-policy-tutorial\">Soovituslik tekst: <\/strong>Sellel saidil olevad artiklid v\u00f5ivad sisaldada manustatud sisu (nt videoid, pilte, artikleid jne). Teistelt veebisaitidelt manustatud sisu k\u00e4itub t\u00e4pselt samamoodi nagu siis, kui k\u00fclastaja on k\u00fclastanud teist veebisaiti.<\/p>\n\n\n<p>Need veebisaidid v\u00f5ivad koguda teie kohta andmeid, kasutada k\u00fcpsiseid, manustada t\u00e4iendavaid kolmandate osapoolte j\u00e4lgimisv\u00f5imalusi ja j\u00e4lgida teie suhtlust manustatud sisuga, sealhulgas j\u00e4lgida teie suhtlust manustatud sisuga, kui teil on konto ja olete sellele veebisaidile sisse logitud.<\/p>\n\n\n<h2 class=\"wp-block-heading\">Kellega me teie andmeid jagame<\/h2>\n\n\n<p><strong class=\"privacy-policy-tutorial\">Soovituslik tekst: <\/strong>Kui taotlete parooli l\u00e4htestamist, lisatakse teie IP-aadress l\u00e4htestamise e-kirjale.<\/p>\n\n\n<h2 class=\"wp-block-heading\">Kui kaua me teie andmeid s\u00e4ilitame<\/h2>\n\n\n<p><strong class=\"privacy-policy-tutorial\">Soovituslik tekst: <\/strong>Kui j\u00e4tate kommentaari, s\u00e4ilitatakse kommentaari ja selle metaandmeid m\u00e4\u00e4ramata ajaks. See on selleks, et saaksime j\u00e4relkommentaare automaatselt \u00e4ra tunda ja heaks kiita, selle asemel, et neid modereerimisj\u00e4rjekorras hoida.<\/p>\n\n\n<p>Kasutajate puhul, kes registreeruvad meie veebisaidil (kui neid on), salvestame ka nende kasutajaprofiilis esitatud isikuandmeid. K\u00f5ik kasutajad saavad oma isikuandmeid igal ajal vaadata, muuta v\u00f5i kustutada (v\u00e4lja arvatud see, et nad ei saa muuta oma kasutajanime). Veebisaidi administraatorid saavad seda teavet samuti vaadata ja muuta.<\/p>\n\n\n<h2 class=\"wp-block-heading\">Millised \u00f5igused teil oma andmete \u00fcle on<\/h2>\n\n\n<p><strong class=\"privacy-policy-tutorial\">Soovituslik tekst: <\/strong>Kui teil on sellel saidil konto v\u00f5i olete kommentaare j\u00e4tnud, v\u00f5ite taotleda eksporditud faili teie isikuandmetest, mida me teie kohta hoiame, sealhulgas k\u00f5igist andmetest, mida olete meile edastanud. Samuti v\u00f5ite taotleda, et me kustutaksime k\u00f5ik teie kohta hoitavad isikuandmed. See ei h\u00f5lma andmeid, mida oleme kohustatud s\u00e4ilitama haldus-, juriidilistel v\u00f5i turvaeesm\u00e4rkidel.<\/p>\n\n\n<h2 class=\"wp-block-heading\">Kuhu teie andmeid saadetakse<\/h2>\n\n\n<p><strong class=\"privacy-policy-tutorial\">Soovituslik tekst: <\/strong>K\u00fclastajate kommentaare v\u00f5idakse kontrollida automaatse r\u00e4mpsposti tuvastamise teenuse abil.<\/p>\n\n\t\t\t\t\t\t\t\t<\/div>\n\t\t\t\t<\/div>\n\t\t\t\t\t<\/div>\n\t\t\t\t<\/div>\n\t\t\t\t<\/div>","protected":false},"excerpt":{"rendered":"<p>Who we are Suggested text: Our website address is: https:\/\/ayurvedafan.eu. Comments Suggested text: When visitors leave comments on the site we collect the data shown in the comments form, and also the visitor&#8217;s IP address and browser user agent string to help spam detection. An anonymized string created from your email address (also called a [&hellip;]<\/p>\n","protected":false},"author":1,"featured_media":0,"parent":0,"menu_order":0,"comment_status":"closed","ping_status":"open","template":"","meta":{"footnotes":""},"class_list":["post-3","page","type-page","status-publish","hentry"],"blocksy_meta":[],"jetpack_sharing_enabled":true,"_links":{"self":[{"href":"https:\/\/ayurvedafan.eu\/et\/wp-json\/wp\/v2\/pages\/3","targetHints":{"allow":["GET"]}}],"collection":[{"href":"https:\/\/ayurvedafan.eu\/et\/wp-json\/wp\/v2\/pages"}],"about":[{"href":"https:\/\/ayurvedafan.eu\/et\/wp-json\/wp\/v2\/types\/page"}],"author":[{"embeddable":true,"href":"https:\/\/ayurvedafan.eu\/et\/wp-json\/wp\/v2\/users\/1"}],"replies":[{"embeddable":true,"href":"https:\/\/ayurvedafan.eu\/et\/wp-json\/wp\/v2\/comments?post=3"}],"version-history":[{"count":3,"href":"https:\/\/ayurvedafan.eu\/et\/wp-json\/wp\/v2\/pages\/3\/revisions"}],"predecessor-version":[{"id":1695,"href":"https:\/\/ayurvedafan.eu\/et\/wp-json\/wp\/v2\/pages\/3\/revisions\/1695"}],"wp:attachment":[{"href":"https:\/\/ayurvedafan.eu\/et\/wp-json\/wp\/v2\/media?parent=3"}],"curies":[{"name":"t\u00f6\u00f6leht","href":"https:\/\/api.w.org\/{rel}","templated":true}]}}