{"id":1497,"date":"2025-04-19T06:12:13","date_gmt":"2025-04-19T06:12:13","guid":{"rendered":"https:\/\/ayurvedafan.eu\/?post_type=product&#038;p=1497"},"modified":"2026-01-18T19:32:07","modified_gmt":"2026-01-18T19:32:07","slug":"pink-rose-vitamin-e-cream","status":"publish","type":"product","link":"https:\/\/ayurvedafan.eu\/et\/toode\/pink-rose-vitamin-e-cream\/","title":{"rendered":"Roosi E-vitamiini kreem"},"content":{"rendered":"<div class=\"product-desc-content\">\n<div><b>KIRJELDUS<\/b><\/div>\n<div>E-vitamiini kreem<\/div>\n<div>K\u00f5ikidele nahat\u00fc\u00fcpidele \u2013 toidab + kaitseb<\/div>\n<div><\/div>\n<div>Intensiivne looduslik E-vitamiini hooldus n\u00e4ole, kaelale ja kehale.<\/div>\n<div><\/div>\n<div><b>Peamised eelised<\/b><\/div>\n<div>Aitab leevendada naha\u00e4rritusi<\/div>\n<div>V\u00e4ldib kuivust ja taastab loomuliku niiskuse<\/div>\n<div>Parandab naha tervist. J\u00e4tab naha siledamaks ja noorema v\u00e4limusega.<\/div>\n<div><\/div>\n<div><b>Kuidas see t\u00f6\u00f6tab<\/b><\/div>\n<div>Kaitseb nahka p\u00e4ikese ja reostuse p\u00f5hjustatud n\u00e4htavate vananemisilmingute eest<\/div>\n<div><\/div>\n<div><b>Sobib<\/b><\/div>\n<div>K\u00f5ik nahat\u00fc\u00fcbid<\/div>\n<div><\/div>\n<div><b>Kuidas kasutada<\/b><\/div>\n<div>Kasutage mitu korda p\u00e4evas<\/div>\n<div>Puhasta nahka<\/div>\n<div>Kandke \u00f5rnalt n\u00e4ole ja kehale<\/div>\n<div>Masseeri \u00f5rnalt 2 minutit<\/div>\n<div>J\u00e4ta sisse<\/div>\n<div><\/div>\n<div><b>Koostisosad<\/b><\/div>\n<div>Mandel, roos, soja, nisuidu<\/div>\n<\/div>\n<div><\/div>\n<div><strong>Karp sisaldab<\/strong><\/div>\n<div>50g<\/div>","protected":false},"excerpt":{"rendered":"<div class=\"woocommerce-product-details__short-description\">\n<div class=\"woocommerce-product-details__short-description\">\n<p>Roosa roosi niisutav E-vitamiini kreem Aitab leevendada naha\u00e4rritust; Ennetab kuivust ja taastab loomuliku niiskuse. Parandab naha tervist. J\u00e4tab naha siledamaks ja noorema v\u00e4limusega.<\/p>\n<div class=\"g\">\n<div lang=\"en\" data-hveid=\"CA0QAA\" data-ved=\"2ahUKEwjOmtCQ8JqCAxV_IBAIHRpEAp4QFSgAegQIDRAA\">\n<div class=\"tF2Cxc\">\n<div class=\"yuRUbf\"><\/div>\n<\/div>\n<\/div>\n<\/div>\n<\/div>\n<\/div>\n<p>&nbsp;<\/p>\n<p><span style=\"color: #00ff00\">\u2297<\/span> \u00a0 Toimetame Eestisse, tasuta \u00fcle 35 \u20ac tellimustele<\/p>\n<p><span style=\"color: #00ff00\">\u2297<\/span>\u00a0 \u00a0Kohaletoimetamine k\u00f5ikidesse Euroopa Liidu riikidesse, tasuta tellimustele \u00fcle 55 \u20ac<\/p>\n<p><span style=\"color: #00ff00\">\u2297<\/span> \u00a0 Saadetakse t\u00e4na, kui tellite enne kella 15.00<\/p>\n<p><span style=\"color: #00ff00\">\u2297<\/span> \u00a0 Ametlik edasim\u00fc\u00fcja Euroopas. Garanteerime originaalsuse ja kvaliteedi.<\/p>\n<p><span style=\"color: #00ff00\">\u2297<\/span> \u00a0 100% kindel makse garanteeritud<\/p>","protected":false},"featured_media":1872,"comment_status":"open","ping_status":"closed","template":"","meta":[],"product_brand":[25],"product_cat":[20],"product_tag":[],"class_list":{"0":"post-1497","1":"product","2":"type-product","3":"status-publish","4":"has-post-thumbnail","6":"product_brand-janet","7":"product_cat-personal-care","9":"first","10":"instock","11":"shipping-taxable","12":"purchasable","13":"product-type-simple"},"jetpack_sharing_enabled":true,"_links":{"self":[{"href":"https:\/\/ayurvedafan.eu\/et\/wp-json\/wp\/v2\/product\/1497","targetHints":{"allow":["GET"]}}],"collection":[{"href":"https:\/\/ayurvedafan.eu\/et\/wp-json\/wp\/v2\/product"}],"about":[{"href":"https:\/\/ayurvedafan.eu\/et\/wp-json\/wp\/v2\/types\/product"}],"replies":[{"embeddable":true,"href":"https:\/\/ayurvedafan.eu\/et\/wp-json\/wp\/v2\/comments?post=1497"}],"wp:featuredmedia":[{"embeddable":true,"href":"https:\/\/ayurvedafan.eu\/et\/wp-json\/wp\/v2\/media\/1872"}],"wp:attachment":[{"href":"https:\/\/ayurvedafan.eu\/et\/wp-json\/wp\/v2\/media?parent=1497"}],"wp:term":[{"taxonomy":"product_brand","embeddable":true,"href":"https:\/\/ayurvedafan.eu\/et\/wp-json\/wp\/v2\/product_brand?post=1497"},{"taxonomy":"product_cat","embeddable":true,"href":"https:\/\/ayurvedafan.eu\/et\/wp-json\/wp\/v2\/product_cat?post=1497"},{"taxonomy":"product_tag","embeddable":true,"href":"https:\/\/ayurvedafan.eu\/et\/wp-json\/wp\/v2\/product_tag?post=1497"}],"curies":[{"name":"t\u00f6\u00f6leht","href":"https:\/\/api.w.org\/{rel}","templated":true}]}}