{"id":1498,"date":"2025-04-19T06:12:13","date_gmt":"2025-04-19T06:12:13","guid":{"rendered":"https:\/\/ayurvedafan.eu\/?post_type=product&#038;p=1498"},"modified":"2025-12-15T09:23:34","modified_gmt":"2025-12-15T09:23:34","slug":"almond-under-eye-dark-circle-remover","status":"publish","type":"product","link":"https:\/\/ayurvedafan.eu\/et\/toode\/almond-under-eye-dark-circle-remover\/","title":{"rendered":"Silmade all tumedate ringide eemaldaja"},"content":{"rendered":"<div class=\"product-desc-content\">\n<div><b>Peamised eelised<\/b><\/div>\n<div>Eemaldab tumedad ringid<\/div>\n<div><\/div>\n<div><b>Kuidas see t\u00f6\u00f6tab<\/b><\/div>\n<div>Leevendab turseid ja silmaaluseid kotte alates esimesest n\u00e4dalast<\/div>\n<div><\/div>\n<div><b>Sobib<\/b><\/div>\n<div>K\u00f5ik nahat\u00fc\u00fcbid<\/div>\n<div><\/div>\n<div><b>Kuidas kasutada<\/b><\/div>\n<div>Kasutage iga p\u00e4ev \u2013 hommikul ja \u00f5htul silmade \u00fcmbruses<\/div>\n<div>Masseeri \u00f5rnalt 2 minutit<\/div>\n<div>J\u00e4ta sisse<\/div>\n<div><\/div>\n<div><b>Koostisosad<\/b><\/div>\n<div>Mandel, nisuidu, oliiv, saialill<\/div>\n<\/div>\n<div><\/div>\n<div><strong>Karp sisaldab<\/strong><\/div>\n<div>50g<\/div>","protected":false},"excerpt":{"rendered":"<div class=\"woocommerce-product-details__short-description\">\n<div class=\"woocommerce-product-details__short-description\">\n<div>Eriti \u00f5rn \u2022 Toitev \u2022 Niisutav. T\u00f5hus koostis loodusliku E-vitamiini headusega. Aitab heledamaks muuta tumedaid ringe ja ennetada silmade \u00fcmbruse enneaegseid vananemisjooni. Leevendab turseid\/inetuid kotte silmade all. Parandab naha tervist. Edendab s\u00e4ravamaid ja nooruslikumaid silmi.<\/div>\n<\/div>\n<\/div>\n<p>&nbsp;<\/p>\n<p><span style=\"color: #00ff00\">\u2297<\/span> \u00a0 Toimetame Eestisse, tasuta \u00fcle 35 \u20ac tellimustele<\/p>\n<p><span style=\"color: #00ff00\">\u2297<\/span>\u00a0 \u00a0Kohaletoimetamine k\u00f5ikidesse Euroopa Liidu riikidesse, tasuta tellimustele \u00fcle 55 \u20ac<\/p>\n<p><span style=\"color: #00ff00\">\u2297<\/span> \u00a0 Saadetakse t\u00e4na, kui tellite enne kella 15.00<\/p>\n<p><span style=\"color: #00ff00\">\u2297<\/span> \u00a0 Ametlik edasim\u00fc\u00fcja Euroopas. Garanteerime originaalsuse ja kvaliteedi.<\/p>\n<p><span style=\"color: #00ff00\">\u2297<\/span> \u00a0 100% kindel makse garanteeritud<\/p>","protected":false},"featured_media":1869,"comment_status":"open","ping_status":"closed","template":"","meta":[],"product_brand":[25],"product_cat":[20],"product_tag":[],"class_list":{"0":"post-1498","1":"product","2":"type-product","3":"status-publish","4":"has-post-thumbnail","6":"product_brand-janet","7":"product_cat-personal-care","9":"first","10":"instock","11":"shipping-taxable","12":"purchasable","13":"product-type-simple"},"jetpack_sharing_enabled":true,"_links":{"self":[{"href":"https:\/\/ayurvedafan.eu\/et\/wp-json\/wp\/v2\/product\/1498","targetHints":{"allow":["GET"]}}],"collection":[{"href":"https:\/\/ayurvedafan.eu\/et\/wp-json\/wp\/v2\/product"}],"about":[{"href":"https:\/\/ayurvedafan.eu\/et\/wp-json\/wp\/v2\/types\/product"}],"replies":[{"embeddable":true,"href":"https:\/\/ayurvedafan.eu\/et\/wp-json\/wp\/v2\/comments?post=1498"}],"wp:featuredmedia":[{"embeddable":true,"href":"https:\/\/ayurvedafan.eu\/et\/wp-json\/wp\/v2\/media\/1869"}],"wp:attachment":[{"href":"https:\/\/ayurvedafan.eu\/et\/wp-json\/wp\/v2\/media?parent=1498"}],"wp:term":[{"taxonomy":"product_brand","embeddable":true,"href":"https:\/\/ayurvedafan.eu\/et\/wp-json\/wp\/v2\/product_brand?post=1498"},{"taxonomy":"product_cat","embeddable":true,"href":"https:\/\/ayurvedafan.eu\/et\/wp-json\/wp\/v2\/product_cat?post=1498"},{"taxonomy":"product_tag","embeddable":true,"href":"https:\/\/ayurvedafan.eu\/et\/wp-json\/wp\/v2\/product_tag?post=1498"}],"curies":[{"name":"t\u00f6\u00f6leht","href":"https:\/\/api.w.org\/{rel}","templated":true}]}}