{"id":1499,"date":"2025-04-19T06:12:13","date_gmt":"2025-04-19T06:12:13","guid":{"rendered":"https:\/\/ayurvedafan.eu\/?post_type=product&#038;p=1499"},"modified":"2025-08-08T08:51:45","modified_gmt":"2025-08-08T08:51:45","slug":"baraka-herbal-balm","status":"publish","type":"product","link":"https:\/\/ayurvedafan.eu\/et\/toode\/baraka-herbal-balm\/","title":{"rendered":"Baraka taimepalsam"},"content":{"rendered":"<div class=\"product-desc-content\">\n<p>Baraka palsam on mitmek\u00fclgne ja looduslik tervendav toode, mis on valmistatud botaanilistest koostisosadest, mille peamine komponent on sheav\u00f5i. Selle toitvad omadused niisutavad ja noorendavad nahka. Seda saab kasutada erinevatel eesm\u00e4rkidel, sealhulgas v\u00e4iksemate l\u00f5ikehaavade ja p\u00f5letuste ravimiseks, valutavate lihaste ja liigeste leevendamiseks ning l\u00f5henenud huulte rahustamiseks. Lisaks pakub palsam aroomiteraapia eeliseid, olenevalt kasutatud eeterlikest \u00f5lidest. Baraka palsami t\u00e4iesti looduslik koostis ja t\u00f5husus on teinud sellest populaarse valiku tervikliku nahahoolduse ja heaolu jaoks.<\/p>\n<p>Baraka palsam sisaldab k\u00f5ige t\u00f5husamaid koostisosi nagu kaneeli\u00f5li, nelgi\u00f5li, musta k\u00f6\u00f6mne\u00f5li, sidrunheina\u00f5li, eukal\u00fcpti\u00f5li ja mentool, et pakkuda p\u00fcsivat ja t\u00f5husat kiiret leevendust parema enesetunde saavutamiseks.<\/p>\n<p class=\"p2\"><b>Soovitatav:<\/b><\/p>\n<p class=\"p2\">Ninakinnisus, kurguinfektsioon, liigese- ja lihasvalu, seljavalu, peavalu, hambavalu ja k\u00f5rvavalu<\/p>\n<p class=\"p2\"><b>S\u00e4ilivusaeg: <\/b>3 aastat<\/p>\n<p><b>Kaal: <\/b>50g<\/p>\n<p class=\"p2\"><b>Sertifikaadid: <\/b>GMP, HACCP, ISO 22000, ISO 14001, Halal, \u00f5iglane valik<\/p>\n<\/div>","protected":false},"excerpt":{"rendered":"<p>Baraka taimepalsam on v\u00e4lispidiseks kasutamiseks m\u00f5eldud palsam, mis on valmistatud mitmesugustest \u00fcrtidest ja v\u00fcrtsidest \u00f5liekstraktide kujul. See leevendab k\u00fclmetushaigusi, verevalumeid, grippi, nikastusi, nohu, tonsilliiti, liigset aevastamist, liigset r\u00f6gaeritust, nina\u00e4rritust, peavalu, liigesevalusid ja hambavalu.<\/p>\n<p>&nbsp;<\/p>\n<p><span style=\"color: #00ff00\">\u2297<\/span> \u00a0 Toimetame Eestisse, tasuta \u00fcle 35 \u20ac tellimustele<\/p>\n<p><span style=\"color: #00ff00\">\u2297<\/span>\u00a0 \u00a0Kohaletoimetamine k\u00f5ikidesse Euroopa Liidu riikidesse, tasuta tellimustele \u00fcle 55 \u20ac<\/p>\n<p><span style=\"color: #00ff00\">\u2297<\/span> \u00a0 Saadetakse t\u00e4na, kui tellite enne kella 15.00<\/p>\n<p><span style=\"color: #00ff00\">\u2297<\/span> \u00a0 Ametlik edasim\u00fc\u00fcja Euroopas. Garanteerime originaalsuse ja kvaliteedi.<\/p>\n<p><span style=\"color: #00ff00\">\u2297<\/span> \u00a0 100% kindel makse garanteeritud<\/p>","protected":false},"featured_media":1890,"comment_status":"open","ping_status":"closed","template":"","meta":[],"product_brand":[23],"product_cat":[18],"product_tag":[],"class_list":{"0":"post-1499","1":"product","2":"type-product","3":"status-publish","4":"has-post-thumbnail","6":"product_brand-baraka","7":"product_cat-health-care","9":"first","10":"outofstock","11":"shipping-taxable","12":"purchasable","13":"product-type-simple"},"jetpack_sharing_enabled":true,"_links":{"self":[{"href":"https:\/\/ayurvedafan.eu\/et\/wp-json\/wp\/v2\/product\/1499","targetHints":{"allow":["GET"]}}],"collection":[{"href":"https:\/\/ayurvedafan.eu\/et\/wp-json\/wp\/v2\/product"}],"about":[{"href":"https:\/\/ayurvedafan.eu\/et\/wp-json\/wp\/v2\/types\/product"}],"replies":[{"embeddable":true,"href":"https:\/\/ayurvedafan.eu\/et\/wp-json\/wp\/v2\/comments?post=1499"}],"wp:featuredmedia":[{"embeddable":true,"href":"https:\/\/ayurvedafan.eu\/et\/wp-json\/wp\/v2\/media\/1890"}],"wp:attachment":[{"href":"https:\/\/ayurvedafan.eu\/et\/wp-json\/wp\/v2\/media?parent=1499"}],"wp:term":[{"taxonomy":"product_brand","embeddable":true,"href":"https:\/\/ayurvedafan.eu\/et\/wp-json\/wp\/v2\/product_brand?post=1499"},{"taxonomy":"product_cat","embeddable":true,"href":"https:\/\/ayurvedafan.eu\/et\/wp-json\/wp\/v2\/product_cat?post=1499"},{"taxonomy":"product_tag","embeddable":true,"href":"https:\/\/ayurvedafan.eu\/et\/wp-json\/wp\/v2\/product_tag?post=1499"}],"curies":[{"name":"t\u00f6\u00f6leht","href":"https:\/\/api.w.org\/{rel}","templated":true}]}}