{"id":1506,"date":"2025-04-19T06:12:13","date_gmt":"2025-04-19T06:12:13","guid":{"rendered":"https:\/\/ayurvedafan.eu\/?post_type=product&#038;p=1506"},"modified":"2025-10-15T08:19:49","modified_gmt":"2025-10-15T08:19:49","slug":"giniraja-toothache-fast-pain-relief","status":"publish","type":"product","link":"https:\/\/ayurvedafan.eu\/et\/toode\/giniraja-toothache-fast-pain-relief\/","title":{"rendered":"Hambavalu kiire leevendus"},"content":{"rendered":"<div class=\"product-desc-content\">\n<p><strong>Juhised:<\/strong><\/p>\n<p>Loputage suud leige veega. Niisutage vatitupsu selle tootega ja suruge see hambaauku. Kui hambavalu on m\u00f6\u00f6das, loputage suud leige veega.<\/p>\n<p><b>Koostisosa: <\/b>Nelgi\u00f5li, nelgi taime eeterlik \u00f5li, lisaks kaneeli-, eukal\u00fcpti- ja piparm\u00fcndi\u00f5li ettev\u00f5ttelt Excellent Sri Lankan Herbal<\/p>\n<div class=\"ux-labels-values__labels\">\n<div class=\"ux-labels-values__labels-content\">\n<div><strong><span class=\"ux-textspans\">Suurus: <\/span><\/strong>3 ml<\/div>\n<\/div>\n<\/div>\n<p><b>P\u00e4ritoluriik: <\/b>Sri Lanka<\/p>\n<\/div>","protected":false},"excerpt":{"rendered":"<p>GINIRAJA 100% Taimne Ayurveda originaalne hambavaluhooldus, nelgi\u00f5li. Sanjeewaka hambavaluhooldus on valmistatud v\u00f5imsa Ayurveda retsepti j\u00e4rgi, kasutades kaneeli, nelgipungi, piparm\u00fcnti ja teisi eeterlikke \u00f5lisid. See pakub kohest leevendust hambavalule. Hambahoolduse ja hambavalu korral on Fast Pain Relief Natural 100% looduslik alternatiiv hambavalule.<\/p>\n<p>&nbsp;<\/p>\n<p><span style=\"color: #00ff00\">\u2297<\/span> \u00a0 Toimetame Eestisse, tasuta \u00fcle 35 \u20ac tellimustele<\/p>\n<p><span style=\"color: #00ff00\">\u2297<\/span>\u00a0 \u00a0Kohaletoimetamine k\u00f5ikidesse Euroopa Liidu riikidesse, tasuta tellimustele \u00fcle 55 \u20ac<\/p>\n<p><span style=\"color: #00ff00\">\u2297<\/span> \u00a0 Saadetakse t\u00e4na, kui tellite enne kella 15.00<\/p>\n<p><span style=\"color: #00ff00\">\u2297<\/span> \u00a0 Ametlik edasim\u00fc\u00fcja Euroopas. Garanteerime originaalsuse ja kvaliteedi.<\/p>\n<p><span style=\"color: #00ff00\">\u2297<\/span> \u00a0 100% kindel makse garanteeritud<\/p>","protected":false},"featured_media":1870,"comment_status":"open","ping_status":"closed","template":"","meta":[],"product_brand":[29],"product_cat":[18,31],"product_tag":[],"class_list":{"0":"post-1506","1":"product","2":"type-product","3":"status-publish","4":"has-post-thumbnail","6":"product_brand-other","7":"product_cat-health-care","8":"product_cat-limited-shelf-life","10":"first","11":"outofstock","12":"sale","13":"shipping-taxable","14":"purchasable","15":"product-type-simple"},"jetpack_sharing_enabled":true,"_links":{"self":[{"href":"https:\/\/ayurvedafan.eu\/et\/wp-json\/wp\/v2\/product\/1506","targetHints":{"allow":["GET"]}}],"collection":[{"href":"https:\/\/ayurvedafan.eu\/et\/wp-json\/wp\/v2\/product"}],"about":[{"href":"https:\/\/ayurvedafan.eu\/et\/wp-json\/wp\/v2\/types\/product"}],"replies":[{"embeddable":true,"href":"https:\/\/ayurvedafan.eu\/et\/wp-json\/wp\/v2\/comments?post=1506"}],"wp:featuredmedia":[{"embeddable":true,"href":"https:\/\/ayurvedafan.eu\/et\/wp-json\/wp\/v2\/media\/1870"}],"wp:attachment":[{"href":"https:\/\/ayurvedafan.eu\/et\/wp-json\/wp\/v2\/media?parent=1506"}],"wp:term":[{"taxonomy":"product_brand","embeddable":true,"href":"https:\/\/ayurvedafan.eu\/et\/wp-json\/wp\/v2\/product_brand?post=1506"},{"taxonomy":"product_cat","embeddable":true,"href":"https:\/\/ayurvedafan.eu\/et\/wp-json\/wp\/v2\/product_cat?post=1506"},{"taxonomy":"product_tag","embeddable":true,"href":"https:\/\/ayurvedafan.eu\/et\/wp-json\/wp\/v2\/product_tag?post=1506"}],"curies":[{"name":"t\u00f6\u00f6leht","href":"https:\/\/api.w.org\/{rel}","templated":true}]}}