{"id":1507,"date":"2025-04-19T06:12:14","date_gmt":"2025-04-19T06:12:14","guid":{"rendered":"https:\/\/ayurvedafan.eu\/?post_type=product&#038;p=1507"},"modified":"2025-08-28T19:13:49","modified_gmt":"2025-08-28T19:13:49","slug":"link-musclegard-is-a-herbal-cream","status":"publish","type":"product","link":"https:\/\/ayurvedafan.eu\/et\/toode\/link-musclegard-is-a-herbal-cream\/","title":{"rendered":"Musclegardi taimne kreem"},"content":{"rendered":"<div class=\"product-desc-content\">\n<p><b>Koostisosad<\/b><\/p>\n<p>Acorus calamus L., Aegle marmelos L., Alipinia galanga Hance., Alysicarpus vaginalis (L.) DC, Cedrus deodara (Roxb.) Loudon., Glycyrrhiza glabra L., Gmelina arborea L., Hemidesmus indicus R. Oroxyurdicum, in, Mu Linn, Vigna mungo L., Piper chaba Hunter., Piper longum L., Piper nigrum L., Plumbago indica L., Premna integrifolia L., Ricinus communis L., Rubia cordifolia L., Stereospermum suaveolens (Roxb.) DC, Tipor aromaticum L., Syzygi. cordifolia (Willd), Hook., Tribulus terrestris L., Withania somnifera (L.) Dunal., Zingiber harilik Rosc.<\/p>\n<p><b>Kasutades: <\/b>Soojendage nahka vanni v\u00f5i du\u0161i all k\u00e4ies. Kandke salv \u00f5rnalt masseerides valutavale kohale, hoides seda soojas. Ainult v\u00e4lispidiseks kasutamiseks.<\/p>\n<p><b>Kaal: <\/b>25 g<\/p>\n<p><b>P\u00e4ritoluriik: <\/b>Sri Lanka<\/p>\n<\/div>","protected":false},"excerpt":{"rendered":"<p>Link Musclegard on taimne kreem, mis on valmistatud t\u00f5estatud ja ajaproovile vastu pidanud ajurveeda taimsetest koostisosadest liigeste ja lihaste haiguste raviks. See on spetsiaalselt loodud kaasaegse teaduse ja tehnoloogia abil, et maksimeerida selle efektiivsust. Link Musclegardi eriline eelis on see, et see toidab ja tugevdab lihaseid, viies need kiiresti normaalseks. Link Musclegardi taimsete koostisosade s\u00fcnergiline toime pakub kiiret leevendust ja t\u00e4ielikku paranemist lihasvalude, liigese- ja neuralgiliste valude, lihaskrampide, nikastuste, kange kaela, liigesj\u00e4ikuse, nimmevalu, seljavalude, p\u00f5rutuste ja marrastuste korral.<\/p>\n<p>&nbsp;<\/p>\n<p><span style=\"color: #00ff00;\">\u2297<\/span> \u00a0 We deliver Estonia, free for orders over 55 \u20ac<\/p>\n<p><span style=\"color: #00ff00;\">\u2297<\/span>\u00a0 \u00a0Deliver to all European Union countries.<\/p>\n<p><span style=\"color: #00ff00;\">\u2297<\/span> \u00a0 Saadetakse t\u00e4na, kui tellite enne kella 15.00<\/p>\n<p><span style=\"color: #00ff00;\">\u2297<\/span> \u00a0 Ametlik edasim\u00fc\u00fcja Euroopas. Garanteerime originaalsuse ja kvaliteedi.<\/p>\n<p><span style=\"color: #00ff00;\">\u2297<\/span> \u00a0 100% kindel makse garanteeritud<\/p>","protected":false},"featured_media":1887,"comment_status":"open","ping_status":"closed","template":"","meta":[],"product_brand":[22],"product_cat":[18],"product_tag":[],"class_list":{"0":"post-1507","1":"product","2":"type-product","3":"status-publish","4":"has-post-thumbnail","6":"product_brand-link-natural","7":"product_cat-health-care","9":"first","10":"outofstock","11":"sale","12":"shipping-taxable","13":"purchasable","14":"product-type-simple"},"jetpack_sharing_enabled":true,"_links":{"self":[{"href":"https:\/\/ayurvedafan.eu\/et\/wp-json\/wp\/v2\/product\/1507","targetHints":{"allow":["GET"]}}],"collection":[{"href":"https:\/\/ayurvedafan.eu\/et\/wp-json\/wp\/v2\/product"}],"about":[{"href":"https:\/\/ayurvedafan.eu\/et\/wp-json\/wp\/v2\/types\/product"}],"replies":[{"embeddable":true,"href":"https:\/\/ayurvedafan.eu\/et\/wp-json\/wp\/v2\/comments?post=1507"}],"wp:featuredmedia":[{"embeddable":true,"href":"https:\/\/ayurvedafan.eu\/et\/wp-json\/wp\/v2\/media\/1887"}],"wp:attachment":[{"href":"https:\/\/ayurvedafan.eu\/et\/wp-json\/wp\/v2\/media?parent=1507"}],"wp:term":[{"taxonomy":"product_brand","embeddable":true,"href":"https:\/\/ayurvedafan.eu\/et\/wp-json\/wp\/v2\/product_brand?post=1507"},{"taxonomy":"product_cat","embeddable":true,"href":"https:\/\/ayurvedafan.eu\/et\/wp-json\/wp\/v2\/product_cat?post=1507"},{"taxonomy":"product_tag","embeddable":true,"href":"https:\/\/ayurvedafan.eu\/et\/wp-json\/wp\/v2\/product_tag?post=1507"}],"curies":[{"name":"t\u00f6\u00f6leht","href":"https:\/\/api.w.org\/{rel}","templated":true}]}}