{"id":1508,"date":"2025-04-19T06:12:14","date_gmt":"2025-04-19T06:12:14","guid":{"rendered":"https:\/\/ayurvedafan.eu\/?post_type=product&#038;p=1508"},"modified":"2025-12-08T00:54:37","modified_gmt":"2025-12-08T00:54:37","slug":"link-samahan-sp-balm-50g","status":"publish","type":"product","link":"https:\/\/ayurvedafan.eu\/et\/toode\/link-samahan-sp-balm-50g\/","title":{"rendered":"Samahan SP palsam 50g"},"content":{"rendered":"<div class=\"product-desc-content\">\n<p><b>Kirjeldus\u00a0<\/b><\/p>\n<ul>\n<li>Valud ja k\u00fclmetushaigused on levinud terviseh\u00e4dad, mis takistavad meie igap\u00e4evaelu. T\u00e4nap\u00e4eva kiire elutempo m\u00f5jutab ka m\u00f5nda neist terviseh\u00e4dadest ehk see, mida me teeme ja kuidas me asju teeme, v\u00f5ib olla enamiku meie ees seisvate valude ja vaevuste peamine p\u00f5hjus. Seega v\u00f5ivad need takistused m\u00f5jutada iga\u00fcht meist, olenemata eluetapist, kuna me k\u00f5ik p\u00fc\u00fcame selle kiire elutempoga \u017eongleerida ega ole valmis sellesse takerduma.<\/li>\n<\/ul>\n<ul>\n<li>Link Samahan SP Balm on ainulaadne taimne palsam, mis sisaldab ajaproovile vastu pidanud ajurveeda taimseid koostisosi ja looduslikke eeterlikke \u00f5lisid, mis garanteerivad kiire, ohutu ja t\u00f5husa leevenduse valude ja k\u00fclmetuse korral. Link Samahan SP Balmi eeliseks on t\u00e4helepanuv\u00e4\u00e4rne kombinatsioon ajaproovile vastu pidanud ajurveeda teadmistest, kaasaegsest teadusest ja tehnoloogiast, et pakkuda ohutust ja t\u00f5husust.<\/li>\n<\/ul>\n<ul>\n<li>Selle toote efektiivsus p\u00f5hineb 15 taimse koostisosa ainulaadse kombinatsiooni s\u00fcnergilisel toimel, mis traditsioonilises meditsiinis pakuvad kiiret, ohutut ja t\u00f5husat leevendust valudele, vaevustele ja k\u00fclmetushaigustele. K\u00fclmetuse korral harrastavad tarbijad ninakinnisuse leevendamiseks sissehingamist, millega Link Samahan SP Balm on h\u00e4sti koosk\u00f5las. Link Samahan SP Balm on tuntud oma efektiivsuse poolest mitmete piirkondade puhul, n\u00e4iteks liigesevalude, lihasvalude, nikastuste, verevalumite, marrastuste ja p\u00f5letike korral.<\/li>\n<\/ul>\n<\/div>\n<p><b>Link Samahan SP palsam<\/b><\/p>\n<ul>\n<li>T\u00e4iustatud ja efektiivne, sisaldab 15 testitud taimset toimeainet, pakkudes s\u00fcnergilist leevendust ravimite kiire vabanemise kaudu efektiivsuse tagamiseks.<\/li>\n<li>Kiire ja t\u00f5hus tegutsemine<\/li>\n<li>Meeldiv aroom.<\/li>\n<li>Lihtne pealekandmine ja hajutatavus<\/li>\n<li>Nahale ohutu<\/li>\n<\/ul>\n<p><b>Taimsed koostisosad<\/b><\/p>\n<ul>\n<li>Ocimum sanctum L. (Maduruthala \u2013 lehed ), Gynandropsis pentaphylla (L.) DC ekstraktid. (Wela \u2013 lehed), Alpinia galanga (L.) Sw. (Aratta \u2013 risoom), Aegle marmelos (L.) Corr. (Beli \u2013 lehed), Vitex negundo L. (Nika \u2013 lehed), Caesalpinia bonduc (L.) Roxb.   (Kumburu \u2013 lehed), Wintergreeni, Cajeput&#039;i, Eukal\u00fcpti, Citronella, Musta pipra, nelgipunga, teepuu eeterlikud \u00f5lid ning looduslik mentool ja kamper<\/li>\n<\/ul>\n<p><b>T\u00f5hus vahend<\/b><\/p>\n<ul>\n<li>Peavalud, migreen, sinusiit, k\u00fclmetus, ninakinnisus, tonsilliit ja kurguvalu, kange kael, krambid, liigesevalud, lihasvalud, seljavalud, verevalumid, nikastused, p\u00f5letikud, muud valud, marrastused ja naha\u00e4rritused, menstruatsioonivalud, putukahammustused, sh s\u00e4\u00e4sed<\/li>\n<\/ul>\n<p><b>Kaal<\/b><\/p>\n<p>50g<\/p>\n<p><b>P\u00e4ritoluriik<\/b><\/p>\n<ul>\n<li>Sri Lanka<\/li>\n<\/ul>","protected":false},"excerpt":{"rendered":"<p>Link Samahan SP palsam on ainulaadne taimne toode, mille efektiivsus p\u00f5hineb ajaproovile vastu pidanud taimeekstraktide ja looduslike eeterlike \u00f5lide kombinatsiooni s\u00fcnergilisel toimel. Need koostisosad on traditsioonilises meditsiinis tuntud kui kiire, ohutu ja t\u00f5husa valu, vaevuste ja k\u00fclmetuse leevendajad.<\/p>\n<p>&nbsp;<\/p>\n<p><span style=\"color: #00ff00\">\u2297<\/span> \u00a0 Toimetame Eestisse, tasuta \u00fcle 35 \u20ac tellimustele<\/p>\n<p><span style=\"color: #00ff00\">\u2297<\/span>\u00a0 \u00a0Kohaletoimetamine k\u00f5ikidesse Euroopa Liidu riikidesse, tasuta tellimustele \u00fcle 55 \u20ac<\/p>\n<p><span style=\"color: #00ff00\">\u2297<\/span> \u00a0 Saadetakse t\u00e4na, kui tellite enne kella 15.00<\/p>\n<p><span style=\"color: #00ff00\">\u2297<\/span> \u00a0 Ametlik edasim\u00fc\u00fcja Euroopas. Garanteerime originaalsuse ja kvaliteedi.<\/p>\n<p><span style=\"color: #00ff00\">\u2297<\/span> \u00a0 100% kindel makse garanteeritud<\/p>","protected":false},"featured_media":1888,"comment_status":"open","ping_status":"closed","template":"","meta":[],"product_brand":[22],"product_cat":[18],"product_tag":[],"class_list":{"0":"post-1508","1":"product","2":"type-product","3":"status-publish","4":"has-post-thumbnail","6":"product_brand-link-natural","7":"product_cat-health-care","9":"first","10":"outofstock","11":"shipping-taxable","12":"purchasable","13":"product-type-simple"},"jetpack_sharing_enabled":true,"_links":{"self":[{"href":"https:\/\/ayurvedafan.eu\/et\/wp-json\/wp\/v2\/product\/1508","targetHints":{"allow":["GET"]}}],"collection":[{"href":"https:\/\/ayurvedafan.eu\/et\/wp-json\/wp\/v2\/product"}],"about":[{"href":"https:\/\/ayurvedafan.eu\/et\/wp-json\/wp\/v2\/types\/product"}],"replies":[{"embeddable":true,"href":"https:\/\/ayurvedafan.eu\/et\/wp-json\/wp\/v2\/comments?post=1508"}],"wp:featuredmedia":[{"embeddable":true,"href":"https:\/\/ayurvedafan.eu\/et\/wp-json\/wp\/v2\/media\/1888"}],"wp:attachment":[{"href":"https:\/\/ayurvedafan.eu\/et\/wp-json\/wp\/v2\/media?parent=1508"}],"wp:term":[{"taxonomy":"product_brand","embeddable":true,"href":"https:\/\/ayurvedafan.eu\/et\/wp-json\/wp\/v2\/product_brand?post=1508"},{"taxonomy":"product_cat","embeddable":true,"href":"https:\/\/ayurvedafan.eu\/et\/wp-json\/wp\/v2\/product_cat?post=1508"},{"taxonomy":"product_tag","embeddable":true,"href":"https:\/\/ayurvedafan.eu\/et\/wp-json\/wp\/v2\/product_tag?post=1508"}],"curies":[{"name":"t\u00f6\u00f6leht","href":"https:\/\/api.w.org\/{rel}","templated":true}]}}