{"id":1519,"date":"2025-04-19T06:12:14","date_gmt":"2025-04-19T06:12:14","guid":{"rendered":"https:\/\/ayurvedafan.eu\/?post_type=product&#038;p=1519"},"modified":"2026-02-26T08:54:43","modified_gmt":"2026-02-26T08:54:43","slug":"link-samahan-tea-10pcs","status":"publish","type":"product","link":"https:\/\/ayurvedafan.eu\/et\/toode\/link-samahan-tea-10pcs\/","title":{"rendered":"Link Samahani tee 10 tk"},"content":{"rendered":"<div class=\"product-desc-content\">\n<p><b>Koostisosad\u00a0<\/b><\/p>\n<p>Adhatoda-Adhatoda vasica Nees., Galangal- Alpinia galanga Willd., Ajowan \u2013 Carum copticum Benth &amp; Hook., Corander \u2013 Coriandrum sativum Linn., Veniwel \u2013 Coscinium fenestratum (Gaertn.) Colebr., Cumin \u2013 Cuminum cyminum Linnukrant al.,- Visinoideshvolnukrant al.s. Lagrits \u2013 Glycyrrhiza glabra Linn., Pathpadagam- Hedyotis herbaceae (Linn.) Lam., Long pepper- Piper longum Linn., Must pipar- Piper nigrum Linn., Siritekku- Premna herbacea Roxb., Katuwelbatu- Solanum xanthocarpum. &amp; Wendl., Ginger- Zingiber officinale Roscoe.<\/p>\n<div class=\"ux-labels-values__labels\">\n<div class=\"ux-labels-values__labels-content\">\n<div><strong><span class=\"ux-textspans\">Annustamine<\/span><\/strong><\/div>\n<\/div>\n<\/div>\n<div class=\"ux-labels-values__values\">\n<div class=\"ux-labels-values__values-content\">\n<div><span class=\"ux-textspans\">4g<\/span><\/div>\n<\/div>\n<\/div>\n<div class=\"ux-labels-values__labels\">\n<div class=\"ux-labels-values__labels-content\">\n<div><\/div>\n<div><strong><span class=\"ux-textspans\">Peamine eesm\u00e4rk<\/span><\/strong><\/div>\n<\/div>\n<\/div>\n<div class=\"ux-labels-values__values\">\n<div class=\"ux-labels-values__values-content\">\n<div><span class=\"ux-textspans\">K\u00fclmetus ja gripp,<\/span><\/div>\n<\/div>\n<\/div>\n<p><strong>Karp sisaldab<\/strong><\/p>\n<p>10 tk teekotti<\/p>\n<p><b>P\u00e4ritoluriik<\/b><\/p>\n<p>Sri Lanka<\/p>\n<\/div>","protected":false},"excerpt":{"rendered":"<div class=\"woocommerce-product-details__short-description\">\n<div class=\"woocommerce-product-details__short-description\">\n<p>Link Samahan on ainulaadne ja meeldiv taimne jook, mis on valmistatud 14 aja jooksul testitud taimse koostisosa kombinatsioonist, millel on t\u00f5estatud kasulik m\u00f5ju tervisele ja heaolule. Link Samahani koostisosi on kasutatud ajurvedas, eriti k\u00fclmetuse ja katarri s\u00fcmptomite korral. Link Samahan on mugavalt kasutatavate graanulite kujul, mis on pakendatud \u00fcksikannuspakenditesse. See on spetsiaalselt loodud s\u00e4ilitama koostisosade tervisele kasulikke omadusi.<\/p>\n<p>Link Samahan on usaldusv\u00e4\u00e4rne taimne toidulisand, mis aitab leevendada k\u00fclmetuse ja katarriga seotud ebamugavustunnet ning toetab immuunsuse tugevdamist. Samahani kasulik m\u00f5ju k\u00fclmetuse ja katarri korral on teaduslikult t\u00f5estatud. (Ceylon Medical Journal 2012:57:21-32.)<\/p>\n<\/div>\n<\/div>\n<p>&nbsp;<\/p>\n<p><span style=\"color: #00ff00\">\u2297<\/span> \u00a0 Toimetame Eestisse, tasuta \u00fcle 35 \u20ac tellimustele<\/p>\n<p><span style=\"color: #00ff00\">\u2297<\/span>\u00a0 \u00a0Kohaletoimetamine k\u00f5ikidesse Euroopa Liidu riikidesse, tasuta tellimustele \u00fcle 55 \u20ac<\/p>\n<p><span style=\"color: #00ff00\">\u2297<\/span> \u00a0 Saadetakse t\u00e4na, kui tellite enne kella 15.00<\/p>\n<p><span style=\"color: #00ff00\">\u2297<\/span> \u00a0 Ametlik edasim\u00fc\u00fcja Euroopas. Garanteerime originaalsuse ja kvaliteedi.<\/p>\n<p><span style=\"color: #00ff00\">\u2297<\/span> \u00a0 100% kindel makse garanteeritud<\/p>","protected":false},"featured_media":1867,"comment_status":"open","ping_status":"closed","template":"","meta":[],"product_brand":[22],"product_cat":[18,19],"product_tag":[],"class_list":{"0":"post-1519","1":"product","2":"type-product","3":"status-publish","4":"has-post-thumbnail","6":"product_brand-link-natural","7":"product_cat-health-care","8":"product_cat-herbal-tea","10":"first","11":"outofstock","12":"shipping-taxable","13":"purchasable","14":"product-type-simple"},"jetpack_sharing_enabled":true,"_links":{"self":[{"href":"https:\/\/ayurvedafan.eu\/et\/wp-json\/wp\/v2\/product\/1519","targetHints":{"allow":["GET"]}}],"collection":[{"href":"https:\/\/ayurvedafan.eu\/et\/wp-json\/wp\/v2\/product"}],"about":[{"href":"https:\/\/ayurvedafan.eu\/et\/wp-json\/wp\/v2\/types\/product"}],"replies":[{"embeddable":true,"href":"https:\/\/ayurvedafan.eu\/et\/wp-json\/wp\/v2\/comments?post=1519"}],"wp:featuredmedia":[{"embeddable":true,"href":"https:\/\/ayurvedafan.eu\/et\/wp-json\/wp\/v2\/media\/1867"}],"wp:attachment":[{"href":"https:\/\/ayurvedafan.eu\/et\/wp-json\/wp\/v2\/media?parent=1519"}],"wp:term":[{"taxonomy":"product_brand","embeddable":true,"href":"https:\/\/ayurvedafan.eu\/et\/wp-json\/wp\/v2\/product_brand?post=1519"},{"taxonomy":"product_cat","embeddable":true,"href":"https:\/\/ayurvedafan.eu\/et\/wp-json\/wp\/v2\/product_cat?post=1519"},{"taxonomy":"product_tag","embeddable":true,"href":"https:\/\/ayurvedafan.eu\/et\/wp-json\/wp\/v2\/product_tag?post=1519"}],"curies":[{"name":"t\u00f6\u00f6leht","href":"https:\/\/api.w.org\/{rel}","templated":true}]}}