{"id":1523,"date":"2025-04-19T06:12:14","date_gmt":"2025-04-19T06:12:14","guid":{"rendered":"https:\/\/ayurvedafan.eu\/?post_type=product&#038;p=1523"},"modified":"2025-08-28T19:14:28","modified_gmt":"2025-08-28T19:14:28","slug":"chocolate-lip-balm","status":"publish","type":"product","link":"https:\/\/ayurvedafan.eu\/et\/toode\/chocolate-lip-balm\/","title":{"rendered":"\u0160okolaadi huulepalsam"},"content":{"rendered":"<div class=\"product-desc-content\">\n<p><b>Peamised eelised<\/b><\/p>\n<ul>\n<li>Intensiivne taastav ja taastav hooldus kuivadele ja tuhmidele huultele<\/li>\n<\/ul>\n<p><b>Kuidas see t\u00f6\u00f6tab<\/b><\/p>\n<ul>\n<li>Toidab ja taastab loomuliku niiskustasakaalu<\/li>\n<\/ul>\n<p><b>Sobib<\/b><\/p>\n<ul>\n<li>Normaalsed \u2013 Kuivad huuled<\/li>\n<\/ul>\n<p><b>Kuidas kasutada<\/b><\/p>\n<ul>\n<li>Puhtad huuled<\/li>\n<li>Kandke heldelt<\/li>\n<li>Masseeri ja lase 5 minutit m\u00f5juda<\/li>\n<li>P\u00fchkige \u00fcleliigne \u00e4ra, j\u00e4tke peale<\/li>\n<li>Intensiivravi korral: kandke uuesti peale iga 4 tunni j\u00e4rel<\/li>\n<\/ul>\n<p><b>Koostisosad<\/b><\/p>\n<ul>\n<li>Kakao, mandel, oliiv, nisuidu, looduslik E-vitamiin<\/li>\n<\/ul>\n<p><b>Erim\u00e4rkused<\/b><\/p>\n<ul>\n<li>Ideaalne huulepulga aluskihi alla<\/li>\n<\/ul>\n<p><b>P\u00e4ritoluriik<\/b><\/p>\n<ul>\n<li>Sri Lanka<\/li>\n<\/ul>\n<\/div>\n<div><\/div>\n<div><strong>Karp sisaldab<\/strong><\/div>\n<div>3,5 g<\/div>","protected":false},"excerpt":{"rendered":"<div class=\"woocommerce-product-details__short-description\">\n<div class=\"woocommerce-product-details__short-description\">\n<div class=\"woocommerce-product-details__short-description\"><span data-spm-anchor-id=\"a2a0e.pdp.product_detail.i0.23e24a72sE2IJH\">Huulte nahk on \u00f5hem kui n\u00e4onahk. Seega, kui teil on l\u00f5henenud ja kuivad huuled, tagab huulepalsami kasutamine, et teie huuled on h\u00e4sti niisutatud ja paranevad kiiremini. <\/span>Kui olete kunagi kogenud l\u00f5henenud, ketendavaid ja pragunenud huuli, siis teate t\u00e4pselt, kui piinlik see on. Talvel lakub see \u00f5huke kiht kergesti maha. Koos k\u00fclma ja tuulise ilmaga viib see sageli l\u00f5henenud ja kuivade huulteni. Seega on huulepalsami kandmine kohustuslik. <span data-spm-anchor-id=\"a2a0e.pdp.product_detail.i1.23e24a72sE2IJH\">\u00d5hukesed ja kuivad huuled muutuvad t\u00e4idlaseks ja niisutatuks t\u00e4nu palsamikihile, mis annab teie huultele ideaalse filmistaari jume! <\/span>On palju huulel\u00e4ikeid, mis v\u00e4idetavalt t\u00e4idlasemaks teevad, aga nende igap\u00e4evane niisutamine on suurep\u00e4rane viis noorusliku ja elastse v\u00e4limuse s\u00e4ilitamiseks. Enamik t\u00e4nap\u00e4eva huulepalsameid sisaldab SPF-i. See aitab automaatselt teie huultel kuivaks ja l\u00f5henenud olla ning kaitseb ka kahjulike p\u00e4ikesekiirte eest.<\/div>\n<\/div>\n<\/div>\n<p>&nbsp;<\/p>\n<p><span style=\"color: #00ff00;\">\u2297<\/span> \u00a0 We deliver Estonia, free for orders over 55 \u20ac<\/p>\n<p><span style=\"color: #00ff00;\">\u2297<\/span>\u00a0 \u00a0Deliver to all European Union countries.<\/p>\n<p><span style=\"color: #00ff00;\">\u2297<\/span> \u00a0 Saadetakse t\u00e4na, kui tellite enne kella 15.00<\/p>\n<p><span style=\"color: #00ff00;\">\u2297<\/span> \u00a0 Ametlik edasim\u00fc\u00fcja Euroopas. Garanteerime originaalsuse ja kvaliteedi.<\/p>\n<p><span style=\"color: #00ff00;\">\u2297<\/span> \u00a0 100% kindel makse garanteeritud<\/p>","protected":false},"featured_media":1866,"comment_status":"open","ping_status":"closed","template":"","meta":[],"product_brand":[25],"product_cat":[20],"product_tag":[],"class_list":{"0":"post-1523","1":"product","2":"type-product","3":"status-publish","4":"has-post-thumbnail","6":"product_brand-janet","7":"product_cat-personal-care","9":"first","10":"outofstock","11":"shipping-taxable","12":"purchasable","13":"product-type-simple"},"jetpack_sharing_enabled":true,"_links":{"self":[{"href":"https:\/\/ayurvedafan.eu\/et\/wp-json\/wp\/v2\/product\/1523","targetHints":{"allow":["GET"]}}],"collection":[{"href":"https:\/\/ayurvedafan.eu\/et\/wp-json\/wp\/v2\/product"}],"about":[{"href":"https:\/\/ayurvedafan.eu\/et\/wp-json\/wp\/v2\/types\/product"}],"replies":[{"embeddable":true,"href":"https:\/\/ayurvedafan.eu\/et\/wp-json\/wp\/v2\/comments?post=1523"}],"wp:featuredmedia":[{"embeddable":true,"href":"https:\/\/ayurvedafan.eu\/et\/wp-json\/wp\/v2\/media\/1866"}],"wp:attachment":[{"href":"https:\/\/ayurvedafan.eu\/et\/wp-json\/wp\/v2\/media?parent=1523"}],"wp:term":[{"taxonomy":"product_brand","embeddable":true,"href":"https:\/\/ayurvedafan.eu\/et\/wp-json\/wp\/v2\/product_brand?post=1523"},{"taxonomy":"product_cat","embeddable":true,"href":"https:\/\/ayurvedafan.eu\/et\/wp-json\/wp\/v2\/product_cat?post=1523"},{"taxonomy":"product_tag","embeddable":true,"href":"https:\/\/ayurvedafan.eu\/et\/wp-json\/wp\/v2\/product_tag?post=1523"}],"curies":[{"name":"t\u00f6\u00f6leht","href":"https:\/\/api.w.org\/{rel}","templated":true}]}}