{"id":1525,"date":"2025-04-19T06:12:14","date_gmt":"2025-04-19T06:12:14","guid":{"rendered":"https:\/\/ayurvedafan.eu\/?post_type=product&#038;p=1525"},"modified":"2025-08-19T06:07:12","modified_gmt":"2025-08-19T06:07:12","slug":"foot-kio-foot-care-cream","status":"publish","type":"product","link":"https:\/\/ayurvedafan.eu\/et\/toode\/foot-kio-foot-care-cream\/","title":{"rendered":"Foot Kio jalakreem"},"content":{"rendered":"<div class=\"product-desc-content\">\n<div>\n<div><b>Soovitatav<\/b><\/div>\n<ul>\n<li>Pragude paranemiseks, silub karedaid nahka ja kaitseb nakkuste eest.<\/li>\n<\/ul>\n<\/div>\n<div><b>Koostisosad<\/b><\/div>\n<div><\/div>\n<ul>\n<li>Musta k\u00f6\u00f6mne\u00f5li<\/li>\n<li>Neitsi kookos\u00f5li<\/li>\n<li>Maci \u00f5li<\/li>\n<\/ul>\n<div><\/div>\n<div><b>S\u00e4ilivusaeg<\/b><b><\/b><\/div>\n<ul>\n<li>kaks aastat<\/li>\n<\/ul>\n<div><b>Sertifikaadid<\/b><\/div>\n<ul>\n<li>GMP, HACCP, ISO 22000, ISO 14001, \u00f5iglane valik<\/li>\n<\/ul>\n<div><strong>Kaal<\/strong><\/div>\n<div>50g<\/div>\n<div><\/div>\n<div><\/div>\n<div><b>P\u00e4ritoluriik<\/b><\/div>\n<ul>\n<li>Sri Lanka<\/li>\n<\/ul>\n<div id=\"jp-relatedposts\" class=\"jp-relatedposts\"><\/div>\n<\/div>","protected":false},"excerpt":{"rendered":"<div class=\"woocommerce-product-details__short-description\">\n<div class=\"woocommerce-product-details__short-description\">\n<div class=\"woocommerce-product-details__short-description\">Baraka jalakreem on rikastatud kookos\u00f5liga (Cocos nucifera), muskaatp\u00e4hkli\u00f5liga (Myristica fragrans) ja musta k\u00f6\u00f6mne\u00f5liga (Nigella sativa). See kreem ravib l\u00f5hesid ning ketendavat ja karedaid jalgu. See toimib kaitsva barj\u00e4\u00e4rikreemina ja ennetab nakkusi. Seet\u00f5ttu saab seda kasutada ka dermatiidi t\u00fc\u00fcpi seisundite ja seeninfektsioonide korral.<\/div>\n<\/div>\n<\/div>\n<p>&nbsp;<\/p>\n<p><span style=\"color: #00ff00\">\u2297<\/span> \u00a0 Toimetame Eestisse, tasuta \u00fcle 35 \u20ac tellimustele<\/p>\n<p><span style=\"color: #00ff00\">\u2297<\/span>\u00a0 \u00a0Kohaletoimetamine k\u00f5ikidesse Euroopa Liidu riikidesse, tasuta tellimustele \u00fcle 55 \u20ac<\/p>\n<p><span style=\"color: #00ff00\">\u2297<\/span> \u00a0 Saadetakse t\u00e4na, kui tellite enne kella 15.00<\/p>\n<p><span style=\"color: #00ff00\">\u2297<\/span> \u00a0 Ametlik edasim\u00fc\u00fcja Euroopas. Garanteerime originaalsuse ja kvaliteedi.<\/p>\n<p><span style=\"color: #00ff00\">\u2297<\/span> \u00a0 100% kindel makse garanteeritud<\/p>","protected":false},"featured_media":1893,"comment_status":"open","ping_status":"closed","template":"","meta":[],"product_brand":[],"product_cat":[20],"product_tag":[],"class_list":{"0":"post-1525","1":"product","2":"type-product","3":"status-publish","4":"has-post-thumbnail","6":"product_cat-personal-care","8":"first","9":"outofstock","10":"shipping-taxable","11":"purchasable","12":"product-type-simple"},"jetpack_sharing_enabled":true,"_links":{"self":[{"href":"https:\/\/ayurvedafan.eu\/et\/wp-json\/wp\/v2\/product\/1525","targetHints":{"allow":["GET"]}}],"collection":[{"href":"https:\/\/ayurvedafan.eu\/et\/wp-json\/wp\/v2\/product"}],"about":[{"href":"https:\/\/ayurvedafan.eu\/et\/wp-json\/wp\/v2\/types\/product"}],"replies":[{"embeddable":true,"href":"https:\/\/ayurvedafan.eu\/et\/wp-json\/wp\/v2\/comments?post=1525"}],"wp:featuredmedia":[{"embeddable":true,"href":"https:\/\/ayurvedafan.eu\/et\/wp-json\/wp\/v2\/media\/1893"}],"wp:attachment":[{"href":"https:\/\/ayurvedafan.eu\/et\/wp-json\/wp\/v2\/media?parent=1525"}],"wp:term":[{"taxonomy":"product_brand","embeddable":true,"href":"https:\/\/ayurvedafan.eu\/et\/wp-json\/wp\/v2\/product_brand?post=1525"},{"taxonomy":"product_cat","embeddable":true,"href":"https:\/\/ayurvedafan.eu\/et\/wp-json\/wp\/v2\/product_cat?post=1525"},{"taxonomy":"product_tag","embeddable":true,"href":"https:\/\/ayurvedafan.eu\/et\/wp-json\/wp\/v2\/product_tag?post=1525"}],"curies":[{"name":"t\u00f6\u00f6leht","href":"https:\/\/api.w.org\/{rel}","templated":true}]}}