{"id":1541,"date":"2025-04-19T06:12:37","date_gmt":"2025-04-19T06:12:37","guid":{"rendered":"https:\/\/ayurvedafan.eu\/?post_type=product&#038;p=1541"},"modified":"2026-01-18T19:31:39","modified_gmt":"2026-01-18T19:31:39","slug":"link-sudantha-toothpaste-120g","status":"publish","type":"product","link":"https:\/\/ayurvedafan.eu\/et\/toode\/link-sudantha-toothpaste-120g\/","title":{"rendered":"Link hambapasta"},"content":{"rendered":"<div class=\"product-desc-content\">\n<div>\n<p><strong>Juhised:<\/strong><\/p>\n<p>Kasutage hernesuurust (harjal 1 cm) kogust hambapastat ja peske hambaid v\u00e4hemalt kaks korda p\u00e4evas, \u00fcks kord hommikul ja \u00fcks kord enne magamaminekut.<\/p>\n<p>&nbsp;<\/p>\n<p><strong>Koostisosad:<\/strong><\/p>\n<p>Alumiiniumoksiid, sorbitool, vesi, titaandioksiid, naatriumlaur\u00fc\u00fclsulfaat, dinaatriumfosfaat, l\u00f5hna- ja maitseained, ksantaankummi, naatriumsahhariin, aed-\u00f5ie (Zingiber Officinale) risoomiekstrakt, hariliku mimusops elengi kooreekstrakt, aromaatsete s\u00fcsivesinike \u00f5ieekstrakt, terminalia chebula viljaekstrakt, pongamia pinnata juureekstrakt, akaatsia chundra l\u00fclipuu ekstrakt, nakkava puravike sapiekstrakt, musta pipra viljaekstrakt, aed-\u00f5ie leheekstrakt.<\/p>\n<\/div>\n<div><strong>Kaal<\/strong><\/div>\n<div>120g<\/div>\n<div><\/div>\n<div><b>P\u00e4ritoluriik<\/b><\/div>\n<ul>\n<li>Sri Lanka<\/li>\n<\/ul>\n<div id=\"jp-relatedposts\" class=\"jp-relatedposts\"><\/div>\n<\/div>","protected":false},"excerpt":{"rendered":"<div class=\"woocommerce-product-details__short-description\">\n<div class=\"woocommerce-product-details__short-description\">\n<div class=\"woocommerce-product-details__short-description\">Hea suuh\u00fcgieen on hea tervise alus. Link Sudantha hambapasta on loodud \u00fchendades \u00fcheksa spetsiifilise ja aja jooksul testitud taimse koostisosa t\u00f5hususe, kasutades uusimaid arendus- ja tootmisv\u00f5imalusi. Nende taimeekstraktide spetsiifiline kombinatsioon toimib s\u00fcnergiliselt, et p\u00e4rssida suus leiduvaid kahjulikke baktereid, takistada hambakatu teket ja v\u00e4hendada igemep\u00f5letikku, ennetades seel\u00e4bi igemehaigusi, kaariese teket ja peatades halva hinge\u00f5hu. Sudantha t\u00f5husust on juba kinnitanud miljonid Sri Lanka elanikud ja teaduslikud kliinilised uuringud (Ceylon Medical Journal 2011; 56: 5-9, Ceylon Medical Journal 2015; 60: 126-132).<\/div>\n<\/div>\n<\/div>\n<p>&nbsp;<\/p>\n<p><span style=\"color: #00ff00\">\u2297<\/span> \u00a0 We deliver Estonia, free for orders over 55 \u20ac<\/p>\n<p><span style=\"color: #00ff00\">\u2297<\/span>\u00a0 \u00a0Deliver to all European Union countries.<\/p>\n<p><span style=\"color: #00ff00\">\u2297<\/span> \u00a0 Saadetakse t\u00e4na, kui tellite enne kella 15.00<\/p>\n<p><span style=\"color: #00ff00\">\u2297<\/span> \u00a0 Ametlik edasim\u00fc\u00fcja Euroopas. Garanteerime originaalsuse ja kvaliteedi.<\/p>\n<p><span style=\"color: #00ff00\">\u2297<\/span> \u00a0 100% kindel makse garanteeritud<\/p>","protected":false},"featured_media":1875,"comment_status":"open","ping_status":"closed","template":"","meta":[],"product_brand":[22],"product_cat":[18,20],"product_tag":[],"class_list":{"0":"post-1541","1":"product","2":"type-product","3":"status-publish","4":"has-post-thumbnail","6":"product_brand-link-natural","7":"product_cat-health-care","8":"product_cat-personal-care","10":"first","11":"instock","12":"shipping-taxable","13":"purchasable","14":"product-type-simple"},"jetpack_sharing_enabled":true,"_links":{"self":[{"href":"https:\/\/ayurvedafan.eu\/et\/wp-json\/wp\/v2\/product\/1541","targetHints":{"allow":["GET"]}}],"collection":[{"href":"https:\/\/ayurvedafan.eu\/et\/wp-json\/wp\/v2\/product"}],"about":[{"href":"https:\/\/ayurvedafan.eu\/et\/wp-json\/wp\/v2\/types\/product"}],"replies":[{"embeddable":true,"href":"https:\/\/ayurvedafan.eu\/et\/wp-json\/wp\/v2\/comments?post=1541"}],"wp:featuredmedia":[{"embeddable":true,"href":"https:\/\/ayurvedafan.eu\/et\/wp-json\/wp\/v2\/media\/1875"}],"wp:attachment":[{"href":"https:\/\/ayurvedafan.eu\/et\/wp-json\/wp\/v2\/media?parent=1541"}],"wp:term":[{"taxonomy":"product_brand","embeddable":true,"href":"https:\/\/ayurvedafan.eu\/et\/wp-json\/wp\/v2\/product_brand?post=1541"},{"taxonomy":"product_cat","embeddable":true,"href":"https:\/\/ayurvedafan.eu\/et\/wp-json\/wp\/v2\/product_cat?post=1541"},{"taxonomy":"product_tag","embeddable":true,"href":"https:\/\/ayurvedafan.eu\/et\/wp-json\/wp\/v2\/product_tag?post=1541"}],"curies":[{"name":"t\u00f6\u00f6leht","href":"https:\/\/api.w.org\/{rel}","templated":true}]}}