{"id":1544,"date":"2025-04-19T06:12:37","date_gmt":"2025-04-19T06:12:37","guid":{"rendered":"https:\/\/ayurvedafan.eu\/?post_type=product&#038;p=1544"},"modified":"2025-08-28T19:13:18","modified_gmt":"2025-08-28T19:13:18","slug":"perfumed-deodorant-orange-bloom","status":"publish","type":"product","link":"https:\/\/ayurvedafan.eu\/et\/toode\/perfumed-deodorant-orange-bloom\/","title":{"rendered":"Deodorant Apelsini\u00f5is"},"content":{"rendered":"<div class=\"product-desc-content\">\n<p><b>Peamised eelised:<\/b><\/p>\n<ul>\n<li>Lillel\u00f5hnaga higistamisvastane vahend<\/li>\n<li>Ennetab kehal\u00f5hna | 24-tunnine kaitse<\/li>\n<\/ul>\n<p><b>Sobib<\/b><\/p>\n<ul>\n<li>K\u00f5ik nahat\u00fc\u00fcbid<\/li>\n<\/ul>\n<\/div>\n<div><strong>Pudel sisaldab<\/strong><\/div>\n<ul>\n<li>50 ml<\/li>\n<\/ul>\n<div class=\"product-desc-content\">\n<div id=\"jp-relatedposts\" class=\"jp-relatedposts\">\n<p><b>P\u00e4ritoluriik<\/b><\/p>\n<ul>\n<li>Sri Lanka<\/li>\n<\/ul>\n<\/div>\n<\/div>","protected":false},"excerpt":{"rendered":"<div class=\"woocommerce-product-details__short-description\">\n<div class=\"woocommerce-product-details__short-description\">\n<div class=\"woocommerce-product-details__short-description\">\n<p>See on rulldeodorant, mis annab kohese v\u00e4rskuse isegi p\u00e4rast pikka reisi v\u00f5i treeningut. Cool Care valemiga rikastatud rulldeodorant annab kauakestva v\u00e4rskustunde. Selle t\u00f5hus higistamisvastane koostis reguleerib higistamist ja v\u00e4hendab l\u00f5hna tekitavate bakterite teket kaenlaalustes, et tagada kaitse kehal\u00f5hna eest terve p\u00e4eva v\u00e4ltel.<\/p>\n<p>Rulldeodorant naisele, kes on alati liikvel. Selle kauap\u00fcsiv maskuliinne l\u00f5hn elustab k\u00f5iki meeli ning annab p\u00e4evaks v\u00e4rskuse ja enesekindluse. Dermatoloogiliselt on t\u00f5estatud, et see ei kahjusta kaenlaaluseid nahka.<\/p>\n<\/div>\n<\/div>\n<\/div>\n<p>&nbsp;<\/p>\n<p><span style=\"color: #00ff00;\">\u2297<\/span> \u00a0 We deliver Estonia, free for orders over 55 \u20ac<\/p>\n<p><span style=\"color: #00ff00;\">\u2297<\/span>\u00a0 \u00a0Deliver to all European Union countries.<\/p>\n<p><span style=\"color: #00ff00;\">\u2297<\/span> \u00a0 Saadetakse t\u00e4na, kui tellite enne kella 15.00<\/p>\n<p><span style=\"color: #00ff00;\">\u2297<\/span> \u00a0 Ametlik edasim\u00fc\u00fcja Euroopas. Garanteerime originaalsuse ja kvaliteedi.<\/p>\n<p><span style=\"color: #00ff00;\">\u2297<\/span> \u00a0 100% kindel makse garanteeritud<\/p>","protected":false},"featured_media":1864,"comment_status":"open","ping_status":"closed","template":"","meta":[],"product_brand":[25],"product_cat":[31,20],"product_tag":[],"class_list":{"0":"post-1544","1":"product","2":"type-product","3":"status-publish","4":"has-post-thumbnail","6":"product_brand-janet","7":"product_cat-limited-shelf-life","8":"product_cat-personal-care","10":"first","11":"outofstock","12":"sale","13":"shipping-taxable","14":"purchasable","15":"product-type-simple"},"jetpack_sharing_enabled":true,"_links":{"self":[{"href":"https:\/\/ayurvedafan.eu\/et\/wp-json\/wp\/v2\/product\/1544","targetHints":{"allow":["GET"]}}],"collection":[{"href":"https:\/\/ayurvedafan.eu\/et\/wp-json\/wp\/v2\/product"}],"about":[{"href":"https:\/\/ayurvedafan.eu\/et\/wp-json\/wp\/v2\/types\/product"}],"replies":[{"embeddable":true,"href":"https:\/\/ayurvedafan.eu\/et\/wp-json\/wp\/v2\/comments?post=1544"}],"wp:featuredmedia":[{"embeddable":true,"href":"https:\/\/ayurvedafan.eu\/et\/wp-json\/wp\/v2\/media\/1864"}],"wp:attachment":[{"href":"https:\/\/ayurvedafan.eu\/et\/wp-json\/wp\/v2\/media?parent=1544"}],"wp:term":[{"taxonomy":"product_brand","embeddable":true,"href":"https:\/\/ayurvedafan.eu\/et\/wp-json\/wp\/v2\/product_brand?post=1544"},{"taxonomy":"product_cat","embeddable":true,"href":"https:\/\/ayurvedafan.eu\/et\/wp-json\/wp\/v2\/product_cat?post=1544"},{"taxonomy":"product_tag","embeddable":true,"href":"https:\/\/ayurvedafan.eu\/et\/wp-json\/wp\/v2\/product_tag?post=1544"}],"curies":[{"name":"t\u00f6\u00f6leht","href":"https:\/\/api.w.org\/{rel}","templated":true}]}}