{"id":1559,"date":"2025-04-19T06:13:03","date_gmt":"2025-04-19T06:13:03","guid":{"rendered":"https:\/\/ayurvedafan.eu\/?post_type=product&#038;p=1559"},"modified":"2025-10-15T08:30:23","modified_gmt":"2025-10-15T08:30:23","slug":"herbal-supirivicky-toothpaste","status":"publish","type":"product","link":"https:\/\/ayurvedafan.eu\/et\/toode\/herbal-supirivicky-toothpaste\/","title":{"rendered":"Taimne hambapasta"},"content":{"rendered":"<div class=\"product-desc-content\">\n<p><b>Kasu<\/b><\/p>\n<ul>\n<li>Hoiab \u00e4ra \u00f5\u00f5nsuste teket.<\/li>\n<li>V\u00f5itleb hambakatu vastu.<\/li>\n<li>Looduslik valgendaja, mis puhastab hambaid p\u00f5hjalikult.<\/li>\n<li>Hoiab igemed tervete ja tugevatena.<\/li>\n<li>Edendab v\u00e4rsket hinge\u00f5hku.<\/li>\n<\/ul>\n<p><b>Koostisosad<\/b><\/p>\n<ul>\n<li>Terminalia chebula, Garcinia cambogia, Eugenia caryophyllata, Cinnamomum zeylanicum, Glycyrrhiza glabra,<\/li>\n<li>Tephrosia purpurea, Piper nigrum, Mimisops elengi<\/li>\n<\/ul>\n<p><b>P\u00e4ritoluriik<\/b><\/p>\n<ul>\n<li>Sri Lanka<\/li>\n<\/ul>\n<\/div>\n<div><strong>Karp sisaldab<\/strong><\/div>\n<ul>\n<li>120g<\/li>\n<\/ul>\n<div class=\"product-desc-content\">\n<div id=\"jp-relatedposts\" class=\"jp-relatedposts\">\n<p><b>P\u00e4ritoluriik<\/b><\/p>\n<ul>\n<li>Sri Lanka<\/li>\n<\/ul>\n<\/div>\n<\/div>","protected":false},"excerpt":{"rendered":"<div class=\"woocommerce-product-details__short-description\">\n<div class=\"woocommerce-product-details__short-description\">\n<div class=\"woocommerce-product-details__short-description\">\n<div class=\"woocommerce-product-details__short-description\">\n<p>Supirivicky on valmistatud taimsetest koostisosadest, mis on tuntud oma igemete, hammaste, kurgu ja keele raviva ja taastava toime poolest. Supirivicky aitab kontrollida hambakaariest ja hammaste v\u00e4rvimuutust. See v\u00e4hendab ka hambakivi teket. Hambapasta tootmisel ei kasutata kunstlikke magusaineid, fluoriidi, v\u00e4rvaineid ega keemilisi s\u00e4ilitusaineid.<\/p>\n<\/div>\n<\/div>\n<\/div>\n<\/div>\n<p>&nbsp;<\/p>\n<p><span style=\"color: #00ff00\">\u2297<\/span> \u00a0 We deliver Estonia, free for orders over 55 \u20ac<\/p>\n<p><span style=\"color: #00ff00\">\u2297<\/span>\u00a0 \u00a0Deliver to all European Union countries.<\/p>\n<p><span style=\"color: #00ff00\">\u2297<\/span> \u00a0 Saadetakse t\u00e4na, kui tellite enne kella 15.00<\/p>\n<p><span style=\"color: #00ff00\">\u2297<\/span> \u00a0 Ametlik edasim\u00fc\u00fcja Euroopas. Garanteerime originaalsuse ja kvaliteedi.<\/p>\n<p><span style=\"color: #00ff00\">\u2297<\/span> \u00a0 100% kindel makse garanteeritud<\/p>","protected":false},"featured_media":1871,"comment_status":"open","ping_status":"closed","template":"","meta":[],"product_brand":[24],"product_cat":[18,31,20],"product_tag":[],"class_list":{"0":"post-1559","1":"product","2":"type-product","3":"status-publish","4":"has-post-thumbnail","6":"product_brand-sidhalepa","7":"product_cat-health-care","8":"product_cat-limited-shelf-life","9":"product_cat-personal-care","11":"first","12":"outofstock","13":"sale","14":"shipping-taxable","15":"purchasable","16":"product-type-simple"},"jetpack_sharing_enabled":true,"_links":{"self":[{"href":"https:\/\/ayurvedafan.eu\/et\/wp-json\/wp\/v2\/product\/1559","targetHints":{"allow":["GET"]}}],"collection":[{"href":"https:\/\/ayurvedafan.eu\/et\/wp-json\/wp\/v2\/product"}],"about":[{"href":"https:\/\/ayurvedafan.eu\/et\/wp-json\/wp\/v2\/types\/product"}],"replies":[{"embeddable":true,"href":"https:\/\/ayurvedafan.eu\/et\/wp-json\/wp\/v2\/comments?post=1559"}],"wp:featuredmedia":[{"embeddable":true,"href":"https:\/\/ayurvedafan.eu\/et\/wp-json\/wp\/v2\/media\/1871"}],"wp:attachment":[{"href":"https:\/\/ayurvedafan.eu\/et\/wp-json\/wp\/v2\/media?parent=1559"}],"wp:term":[{"taxonomy":"product_brand","embeddable":true,"href":"https:\/\/ayurvedafan.eu\/et\/wp-json\/wp\/v2\/product_brand?post=1559"},{"taxonomy":"product_cat","embeddable":true,"href":"https:\/\/ayurvedafan.eu\/et\/wp-json\/wp\/v2\/product_cat?post=1559"},{"taxonomy":"product_tag","embeddable":true,"href":"https:\/\/ayurvedafan.eu\/et\/wp-json\/wp\/v2\/product_tag?post=1559"}],"curies":[{"name":"t\u00f6\u00f6leht","href":"https:\/\/api.w.org\/{rel}","templated":true}]}}