{"id":1599,"date":"2025-04-19T06:13:49","date_gmt":"2025-04-19T06:13:49","guid":{"rendered":"https:\/\/ayurvedafan.eu\/?post_type=product&#038;p=1599"},"modified":"2025-08-28T19:06:05","modified_gmt":"2025-08-28T19:06:05","slug":"herbal-siddhalepa-inhaler-5g","status":"publish","type":"product","link":"https:\/\/ayurvedafan.eu\/et\/toode\/herbal-siddhalepa-inhaler-5g\/","title":{"rendered":"Taimne Siddhalepa inhalaator"},"content":{"rendered":"<div class=\"product-desc-content\">\n<p><b>Kasu<\/b><\/p>\n<ul>\n<li>Annab ajutist leevendust k\u00fclmetuse ja ninakinnisuse korral.<\/li>\n<\/ul>\n<p><b>Kirjeldus<\/b><\/p>\n<ul>\n<li>See on populaarne toode, mis p\u00f5hineb Siddhalepa valemil. See on spetsiaalselt v\u00e4lja t\u00f6\u00f6tatud ja disainitud, r\u00f5hutades toote ainulaadset aroomi.<\/li>\n<\/ul>\n<h4 class=\"header\">Kuidas kasutada<\/h4>\n<ul>\n<li>Sissehingamiseks<\/li>\n<\/ul>\n<p><b>Koostisosad<\/b><\/p>\n<ul>\n<li><em>Cinnamomum zeylanicum<\/em> , <em>Kaneelkampfera<\/em> , <em>Eukal\u00fcpt globulus<\/em> , <em>Cymbopogon nardus<\/em> , <em>Mentha arvensis<\/em><\/li>\n<\/ul>\n<p><b>Kaal: <\/b>5g<\/p>\n<p><b>P\u00e4ritoluriik: <\/b>Sri Lanka<\/p>\n<\/div>","protected":false},"excerpt":{"rendered":"<p>Siddhalepa Ayurveda ravimtaimede inhalaator on looduslik ja kaasaskantav lahendus hingamisteede haigustele. Siddhalepa, tuntud ajurveeda tervishoiuettev\u00f5tte, poolt v\u00e4lja t\u00f6\u00f6tatud inhalaator sisaldab traditsiooniliste \u00fcrtide ja eeterlike \u00f5lide segu. See inhalaator pakub t\u00f5husat hingamisteede tuge, leevendab ummistust ja soodustab selget hingamist. Selle kasutajas\u00f5bralik disain v\u00f5imaldab seda liikvel olles h\u00f5lpsalt ja mugavalt kasutada. Kahjulike kemikaalidevaba inhalaator pakub v\u00e4rskendavat aroomiteraapia kogemust, aidates kaasa l\u00f5\u00f5gastumisele ja stressi leevendamisele. Naudi ajurveeda v\u00e4ge ja hinga loomulikult Siddhalepa Ayurveda ravimtaimede inhalaatoriga.<\/p>\n<p>&nbsp;<\/p>\n<p><span style=\"color: #00ff00;\">\u2297<\/span> \u00a0 We deliver Estonia, free for orders over 55 \u20ac<\/p>\n<p><span style=\"color: #00ff00;\">\u2297<\/span>\u00a0 \u00a0Deliver to all European Union countries.<\/p>\n<p><span style=\"color: #00ff00;\">\u2297<\/span> \u00a0 Saadetakse t\u00e4na, kui tellite enne kella 15.00<\/p>\n<p><span style=\"color: #00ff00;\">\u2297<\/span> \u00a0 Ametlik edasim\u00fc\u00fcja Euroopas. Garanteerime originaalsuse ja kvaliteedi.<\/p>\n<p><span style=\"color: #00ff00;\">\u2297<\/span> \u00a0 100% kindel makse garanteeritud<\/p>","protected":false},"featured_media":1874,"comment_status":"open","ping_status":"closed","template":"","meta":[],"product_brand":[24],"product_cat":[18,15],"product_tag":[],"class_list":{"0":"post-1599","1":"product","2":"type-product","3":"status-publish","4":"has-post-thumbnail","6":"product_brand-sidhalepa","7":"product_cat-health-care","8":"product_cat-other","10":"first","11":"outofstock","12":"shipping-taxable","13":"purchasable","14":"product-type-simple"},"jetpack_sharing_enabled":true,"_links":{"self":[{"href":"https:\/\/ayurvedafan.eu\/et\/wp-json\/wp\/v2\/product\/1599","targetHints":{"allow":["GET"]}}],"collection":[{"href":"https:\/\/ayurvedafan.eu\/et\/wp-json\/wp\/v2\/product"}],"about":[{"href":"https:\/\/ayurvedafan.eu\/et\/wp-json\/wp\/v2\/types\/product"}],"replies":[{"embeddable":true,"href":"https:\/\/ayurvedafan.eu\/et\/wp-json\/wp\/v2\/comments?post=1599"}],"wp:featuredmedia":[{"embeddable":true,"href":"https:\/\/ayurvedafan.eu\/et\/wp-json\/wp\/v2\/media\/1874"}],"wp:attachment":[{"href":"https:\/\/ayurvedafan.eu\/et\/wp-json\/wp\/v2\/media?parent=1599"}],"wp:term":[{"taxonomy":"product_brand","embeddable":true,"href":"https:\/\/ayurvedafan.eu\/et\/wp-json\/wp\/v2\/product_brand?post=1599"},{"taxonomy":"product_cat","embeddable":true,"href":"https:\/\/ayurvedafan.eu\/et\/wp-json\/wp\/v2\/product_cat?post=1599"},{"taxonomy":"product_tag","embeddable":true,"href":"https:\/\/ayurvedafan.eu\/et\/wp-json\/wp\/v2\/product_tag?post=1599"}],"curies":[{"name":"t\u00f6\u00f6leht","href":"https:\/\/api.w.org\/{rel}","templated":true}]}}