{"id":1600,"date":"2025-04-19T06:13:49","date_gmt":"2025-04-19T06:13:49","guid":{"rendered":"https:\/\/ayurvedafan.eu\/?post_type=product&#038;p=1600"},"modified":"2025-08-28T19:08:59","modified_gmt":"2025-08-28T19:08:59","slug":"lever-ayush-anti-cavity-clove-oil-toothpaste","status":"publish","type":"product","link":"https:\/\/ayurvedafan.eu\/et\/toode\/lever-ayush-anti-cavity-clove-oil-toothpaste\/","title":{"rendered":"Kaariesevastane nelgi\u00f5li hambapasta"},"content":{"rendered":"<div class=\"product-desc-content\">\n<div>\n<p><strong>Kirjeldus:<\/strong><\/p>\n<p>Lever Ayush hambapastat \u201eKaariesevastane nelgihambapasta\u201c, mis koosneb 15 ajurveeda \u00fcrdist, mis sisaldavad nelgi\u00f5li ja igemeid tugevdavaid \u00fcrte, on pikka aega peetud t\u00f5husaks hambakaariese raviks.<\/p>\n<ol>\n<li>\u00d5\u00f5nsuste teke<\/li>\n<li>Suu l\u00f5hn<\/li>\n<li>Kollased hambad<\/li>\n<li>Hambavalu<\/li>\n<li>Hammaste liimliimimine<\/li>\n<li>Kahjulike bakterite teke<\/li>\n<li>Suhkru p\u00f5hjustatud hape<\/li>\n<li>Igemeprobleemid<\/li>\n<li>Hambakaaries<\/li>\n<li>Emaili lagunemist saab ennetada nelgi\u00f5li ja dasanakanthi choornami headusega.<\/li>\n<\/ol>\n<p>&nbsp;<\/p>\n<p><strong>Koostisosad:<\/strong><\/p>\n<p>Eugenia caryophyllus (punga\u00f5li), Dasanakanthi Choornam, mis koosneb Acacia nilotica (varrekoor), Acacia catechu (s\u00fcdamepuit), raud(III)oksiidi (nagu see on), Piper longum (vili), Glycyrrhiza glabra (juur), Syzygium aromaticum (pung), Berberis aristata (varrekoor), Piper nigrum (vili), Myristica fragrans (vili), Myristica fragrans (\u00f5is), Piper cubeba (vili), Elettaria cardamomum (vili), Cinnamomum zeylanicum (varrekoor), Cinnamomum camphora (eritis), Rosa centifolia (\u00f5is) pulbrist. Muud koostisosad: kaltsiumkarbonaat, vesi, sorbitool, h\u00fcdreeritud r\u00e4nidioksiid, naatriumlaur\u00fc\u00fclsulfaat, ksantaankummi, kaoliin, l\u00f5hna- ja maitseained, naatriummonofluorofosfaat, bens\u00fc\u00fclalkohol, kaaliumtsitraat. Naatriumsilikaat, naatriumsahhariin, tset\u00fc\u00fclp\u00fcridiiniumkloriid, naatriumh\u00fcdroksiid.<\/p>\n<\/div>\n<div><\/div>\n<div><strong>Kaal<\/strong><\/div>\n<div>120g<\/div>\n<div><\/div>\n<div><\/div>\n<div><b>P\u00e4ritoluriik<\/b><\/div>\n<ul>\n<li>Sri Lanka<\/li>\n<\/ul>\n<div id=\"jp-relatedposts\" class=\"jp-relatedposts\"><\/div>\n<\/div>","protected":false},"excerpt":{"rendered":"<div class=\"woocommerce-product-details__short-description\">\n<div class=\"woocommerce-product-details__short-description\">\n<div class=\"woocommerce-product-details__short-description\">\n<p>Ayush kaariesevastane nelgi\u00f5liga hambapasta on loodud 5000 aasta pikkuse ajurveeda tarkuse p\u00f5hjal, et anda teile tugevad hambad ja terved igemed. See sisaldab nelgi\u00f5li headust, mida on iidsetest aegadest kasutatud hambaravina. Selle v\u00f5imas antibakteriaalne omadus leevendab hambavalu ja v\u00fcrtsikas aroom annab v\u00e4rske hinge\u00f5hu ning dasanakanthi choornam on ainulaadne segu 15 looduslikust \u00fcrdist nagu babul, yashtimadhu, kamper ja pippali, mis on tuntud hambavalu ja igemete veritsemise ravis.<\/p>\n<p>Kaariesevastane hambapasta nelgi\u00f5liga. Dasanakanthi choornam muudab hambad tugevamaks. Hoiab igemed tervena. Nelgi\u00f5li annab teadaolevalt v\u00e4rske hinge\u00f5hu. Nelgi\u00f5li leevendab hambavalu.<\/p>\n<\/div>\n<\/div>\n<\/div>\n<p>&nbsp;<\/p>\n<p><span style=\"color: #00ff00;\">\u2297<\/span> \u00a0 We deliver Estonia, free for orders over 55 \u20ac<\/p>\n<p><span style=\"color: #00ff00;\">\u2297<\/span>\u00a0 \u00a0Deliver to all European Union countries.<\/p>\n<p><span style=\"color: #00ff00;\">\u2297<\/span> \u00a0 Saadetakse t\u00e4na, kui tellite enne kella 15.00<\/p>\n<p><span style=\"color: #00ff00;\">\u2297<\/span> \u00a0 Ametlik edasim\u00fc\u00fcja Euroopas. Garanteerime originaalsuse ja kvaliteedi.<\/p>\n<p><span style=\"color: #00ff00;\">\u2297<\/span> \u00a0 100% kindel makse garanteeritud<\/p>","protected":false},"featured_media":1884,"comment_status":"open","ping_status":"closed","template":"","meta":[],"product_brand":[29],"product_cat":[20],"product_tag":[],"class_list":{"0":"post-1600","1":"product","2":"type-product","3":"status-publish","4":"has-post-thumbnail","6":"product_brand-other","7":"product_cat-personal-care","9":"first","10":"outofstock","11":"shipping-taxable","12":"purchasable","13":"product-type-simple"},"jetpack_sharing_enabled":true,"_links":{"self":[{"href":"https:\/\/ayurvedafan.eu\/et\/wp-json\/wp\/v2\/product\/1600","targetHints":{"allow":["GET"]}}],"collection":[{"href":"https:\/\/ayurvedafan.eu\/et\/wp-json\/wp\/v2\/product"}],"about":[{"href":"https:\/\/ayurvedafan.eu\/et\/wp-json\/wp\/v2\/types\/product"}],"replies":[{"embeddable":true,"href":"https:\/\/ayurvedafan.eu\/et\/wp-json\/wp\/v2\/comments?post=1600"}],"wp:featuredmedia":[{"embeddable":true,"href":"https:\/\/ayurvedafan.eu\/et\/wp-json\/wp\/v2\/media\/1884"}],"wp:attachment":[{"href":"https:\/\/ayurvedafan.eu\/et\/wp-json\/wp\/v2\/media?parent=1600"}],"wp:term":[{"taxonomy":"product_brand","embeddable":true,"href":"https:\/\/ayurvedafan.eu\/et\/wp-json\/wp\/v2\/product_brand?post=1600"},{"taxonomy":"product_cat","embeddable":true,"href":"https:\/\/ayurvedafan.eu\/et\/wp-json\/wp\/v2\/product_cat?post=1600"},{"taxonomy":"product_tag","embeddable":true,"href":"https:\/\/ayurvedafan.eu\/et\/wp-json\/wp\/v2\/product_tag?post=1600"}],"curies":[{"name":"t\u00f6\u00f6leht","href":"https:\/\/api.w.org\/{rel}","templated":true}]}}