{"id":1601,"date":"2025-04-19T06:13:49","date_gmt":"2025-04-19T06:13:49","guid":{"rendered":"https:\/\/ayurvedafan.eu\/?post_type=product&#038;p=1601"},"modified":"2025-08-28T19:07:19","modified_gmt":"2025-08-28T19:07:19","slug":"lever-ayush-whitening-toothpaste-with-sea-salt","status":"publish","type":"product","link":"https:\/\/ayurvedafan.eu\/et\/toode\/lever-ayush-whitening-toothpaste-with-sea-salt\/","title":{"rendered":"Valgendav hambapasta meresoolaga"},"content":{"rendered":"<div class=\"product-desc-content\">\n<div>\n<p><strong>Kirjeldus:<\/strong><\/p>\n<p>Ayush valgendav hambapasta eemaldab plekid valgemate hammaste saavutamiseks. See sisaldab meresoola ja Arimedas Tailami headust. \u2026 Ainulaadne segu, mis on valmistatud 38 looduslikust \u00fcrdist, mis teadaolevalt tugevdavad hambaid ja ennetavad hambakaariese teket. Lever Ayush valgendav hambapasta sisaldab meresoola, mida ajurvedas tuntakse kui k\u00f5ige tervislikumat soola vormi ja mida on sajandeid kasutatud hammaste valgendamiseks.<\/p>\n<ul class=\"a-unordered-list a-vertical a-spacing-mini\">\n<li class=\"a-spacing-mini\"><span class=\"a-list-item\">Valgendav hambapasta meresoolaga <\/span><\/li>\n<li class=\"a-spacing-mini\"><span class=\"a-list-item\">Eemaldab plekid valgemate hammaste saavutamiseks <\/span><\/li>\n<li class=\"a-spacing-mini\"><span class=\"a-list-item\">Meresool on Ayurvedas k\u00f5ige tervislikum soolavorm <\/span><\/li>\n<li class=\"a-spacing-mini\"><span class=\"a-list-item\">Arimeda tailam muudab hambad tugevamaks ja ennetab hambakaariest <\/span><\/li>\n<li class=\"a-spacing-mini\"><span class=\"a-list-item\">Arimedase tailam on ajurveeda \u00f5li, mida soovitatakse k\u00f5ige enam suu\u00f5\u00f5ne tervise heaks. <\/span><\/li>\n<li class=\"a-spacing-mini\"><span class=\"a-list-item\">Meresoola on sajandeid tuntud kui v\u00f5imas lahendus hammaste valgendamiseks<\/span><\/li>\n<\/ul>\n<p>&nbsp;<\/p>\n<p><strong>Koostisosad:<\/strong><\/p>\n<p>Vesi, sorbitool, vesi, h\u00fcdreeritud r\u00e4nidioksiid, naatriumlaur\u00fc\u00fclsulfaat, PEG-32, l\u00f5hna- ja maitseained, tsinktsitraat, tsellulooskummi, naatriumkloriid. Fenoks\u00fcetanool, naatriumsahhariin, naatriumfluoriid, mentool, tokofer\u00fc\u00fclatsetaat, Arimedas Tailam (\u00f5ie- ja nurmenuku\u00f5li), Eugenia caryophyllus (nelgipungade \u00f5li), vilgukivi, eugenool, limoneen, linalool.<\/p>\n<\/div>\n<div><\/div>\n<div><strong>Kaal<\/strong><\/div>\n<div>120g<\/div>\n<div><\/div>\n<div><\/div>\n<div><b>P\u00e4ritoluriik<\/b><\/div>\n<ul>\n<li>Sri Lanka<\/li>\n<\/ul>\n<div id=\"jp-relatedposts\" class=\"jp-relatedposts\"><\/div>\n<\/div>","protected":false},"excerpt":{"rendered":"<div class=\"woocommerce-product-details__short-description\">\n<div class=\"woocommerce-product-details__short-description\">\n<div class=\"woocommerce-product-details__short-description\">\n<p>Ayush Whitening hambapasta on loodud 5000 aasta pikkuse ajurveeda tarkusega, et eemaldada plekke valgemate hammaste saavutamiseks. See sisaldab meresoola ja Arimedas Tailami headust. Meresool on ajurveeda k\u00f5ige tervislikum soolavorm. Seda on sajandeid tuntud kui v\u00f5imsat lahendust hammaste valgendamiseks. Arimedas Tailam on ajurveeda \u00f5li, mida soovitatakse k\u00f5ige rohkem suu\u00f5\u00f5ne tervise heaks. Ainulaadne segu, mis on valmistatud 38 looduslikust \u00fcrdist, mis on tuntud hammaste tugevdamise ja hambakaariese ennetamise poolest.<\/p>\n<\/div>\n<\/div>\n<\/div>\n<p><span style=\"color: #00ff00;\">\u2297<\/span> \u00a0 We deliver Estonia, free for orders over 55 \u20ac<\/p>\n<p><span style=\"color: #00ff00;\">\u2297<\/span>\u00a0 \u00a0Deliver to all European Union countries.<\/p>\n<p><span style=\"color: #00ff00;\">\u2297<\/span> \u00a0 Saadetakse t\u00e4na, kui tellite enne kella 15.00<\/p>\n<p><span style=\"color: #00ff00;\">\u2297<\/span> \u00a0 Ametlik edasim\u00fc\u00fcja Euroopas. Garanteerime originaalsuse ja kvaliteedi.<\/p>\n<p><span style=\"color: #00ff00;\">\u2297<\/span> \u00a0 100% kindel makse garanteeritud<\/p>","protected":false},"featured_media":1883,"comment_status":"open","ping_status":"closed","template":"","meta":[],"product_brand":[29],"product_cat":[20],"product_tag":[],"class_list":{"0":"post-1601","1":"product","2":"type-product","3":"status-publish","4":"has-post-thumbnail","6":"product_brand-other","7":"product_cat-personal-care","9":"first","10":"outofstock","11":"shipping-taxable","12":"purchasable","13":"product-type-simple"},"jetpack_sharing_enabled":true,"_links":{"self":[{"href":"https:\/\/ayurvedafan.eu\/et\/wp-json\/wp\/v2\/product\/1601","targetHints":{"allow":["GET"]}}],"collection":[{"href":"https:\/\/ayurvedafan.eu\/et\/wp-json\/wp\/v2\/product"}],"about":[{"href":"https:\/\/ayurvedafan.eu\/et\/wp-json\/wp\/v2\/types\/product"}],"replies":[{"embeddable":true,"href":"https:\/\/ayurvedafan.eu\/et\/wp-json\/wp\/v2\/comments?post=1601"}],"wp:featuredmedia":[{"embeddable":true,"href":"https:\/\/ayurvedafan.eu\/et\/wp-json\/wp\/v2\/media\/1883"}],"wp:attachment":[{"href":"https:\/\/ayurvedafan.eu\/et\/wp-json\/wp\/v2\/media?parent=1601"}],"wp:term":[{"taxonomy":"product_brand","embeddable":true,"href":"https:\/\/ayurvedafan.eu\/et\/wp-json\/wp\/v2\/product_brand?post=1601"},{"taxonomy":"product_cat","embeddable":true,"href":"https:\/\/ayurvedafan.eu\/et\/wp-json\/wp\/v2\/product_cat?post=1601"},{"taxonomy":"product_tag","embeddable":true,"href":"https:\/\/ayurvedafan.eu\/et\/wp-json\/wp\/v2\/product_tag?post=1601"}],"curies":[{"name":"t\u00f6\u00f6leht","href":"https:\/\/api.w.org\/{rel}","templated":true}]}}