{"id":1603,"date":"2025-04-19T06:13:49","date_gmt":"2025-04-19T06:13:49","guid":{"rendered":"https:\/\/ayurvedafan.eu\/?post_type=product&#038;p=1603"},"modified":"2026-02-02T14:17:28","modified_gmt":"2026-02-02T14:17:28","slug":"herbal-moisturizer-body-lotion-exotic-150ml","status":"publish","type":"product","link":"https:\/\/ayurvedafan.eu\/et\/toode\/herbal-moisturizer-body-lotion-exotic-150ml\/","title":{"rendered":"Taimne kehakreem Eksootiline"},"content":{"rendered":"<div class=\"product-desc-content\">\n<div>\n<p><strong>Kirjeldus<\/strong><\/p>\n<p>Noorema ja elastse naha saladus peitub \u00f5iges niisutuses. Meie Earth Essence&#039;i taimsete niisutavate kehakreemide sari, mis on segatud gotukola, welmi, sandlipuu ja lodhra ekstraktidega, tagab nahale \u00f5ige niisutuse taseme. Eksootilise jasmiini ja frangipani l\u00f5hnaga tooted niisutavad ja rahustavad nahka. Sobib k\u00f5ikidele nahat\u00fc\u00fcpidele.<\/p>\n<h4>KASUTUSJUHEND<\/h4>\n<p>Kandke puhastatud nahale igal ajal p\u00e4eval, v\u00e4ltige silma sattumist, \u00e4rrituse v\u00f5i allergia korral loputage maha ja l\u00f5petage kasutamine. Ainult v\u00e4lispidiseks kasutamiseks.<\/p>\n<p>Hoida jahedas ja kuivas kohas, eemal otsesest p\u00e4ikesevalgusest.<\/p>\n<p>&nbsp;<\/p>\n<p><strong>Koostisosad:<\/strong><\/p>\n<p>Gotukola (Asiatica vesinaba), welmi (Glycyrrhiza glabra), sandlipuu (Santalum album) ja lodhra (Symplocos racemosa) ekstraktid, vesi.<\/p>\n<\/div>\n<div><\/div>\n<div><strong>Kaal<\/strong><\/div>\n<div>15 ml<\/div>\n<div><\/div>\n<div><b>P\u00e4ritoluriik<\/b><\/div>\n<ul>\n<li>Sri Lanka<\/li>\n<\/ul>\n<div id=\"jp-relatedposts\" class=\"jp-relatedposts\"><\/div>\n<\/div>","protected":false},"excerpt":{"rendered":"<div class=\"woocommerce-product-details__short-description\">\n<div class=\"woocommerce-product-details__short-description\">\n<div class=\"woocommerce-product-details__short-description\">Noorema ja elastse naha saladus peitub \u00f5iges niisutuses. Meie Earth Essence&#039;i taimsete niisutavate kehakreemide sari, mis on segatud gotukola, welmi, sandlipuu ja lodhra ekstraktidega, tagab nahale \u00f5ige niisutuse taseme. Eksootilise jasmiini ja frangipani l\u00f5hnaga tooted niisutavad ja rahustavad nahka. Sobib k\u00f5ikidele nahat\u00fc\u00fcpidele.<\/div>\n<\/div>\n<\/div>\n<p>&nbsp;<\/p>\n<p><span style=\"color: #00ff00;\">\u2297<\/span> \u00a0 We deliver Estonia, free for orders over 55 \u20ac<\/p>\n<p><span style=\"color: #00ff00;\">\u2297<\/span>\u00a0 \u00a0Deliver to all European Union countries.<\/p>\n<p><span style=\"color: #00ff00;\">\u2297<\/span> \u00a0 Saadetakse t\u00e4na, kui tellite enne kella 15.00<\/p>\n<p><span style=\"color: #00ff00;\">\u2297<\/span> \u00a0 Ametlik edasim\u00fc\u00fcja Euroopas. Garanteerime originaalsuse ja kvaliteedi.<\/p>\n<p><span style=\"color: #00ff00;\">\u2297<\/span> \u00a0 100% kindel makse garanteeritud<\/p>","protected":false},"featured_media":1885,"comment_status":"open","ping_status":"closed","template":"","meta":[],"product_brand":[22],"product_cat":[20],"product_tag":[],"class_list":{"0":"post-1603","1":"product","2":"type-product","3":"status-publish","4":"has-post-thumbnail","6":"product_brand-link-natural","7":"product_cat-personal-care","9":"first","10":"instock","11":"sale","12":"shipping-taxable","13":"purchasable","14":"product-type-simple"},"jetpack_sharing_enabled":true,"_links":{"self":[{"href":"https:\/\/ayurvedafan.eu\/et\/wp-json\/wp\/v2\/product\/1603","targetHints":{"allow":["GET"]}}],"collection":[{"href":"https:\/\/ayurvedafan.eu\/et\/wp-json\/wp\/v2\/product"}],"about":[{"href":"https:\/\/ayurvedafan.eu\/et\/wp-json\/wp\/v2\/types\/product"}],"replies":[{"embeddable":true,"href":"https:\/\/ayurvedafan.eu\/et\/wp-json\/wp\/v2\/comments?post=1603"}],"wp:featuredmedia":[{"embeddable":true,"href":"https:\/\/ayurvedafan.eu\/et\/wp-json\/wp\/v2\/media\/1885"}],"wp:attachment":[{"href":"https:\/\/ayurvedafan.eu\/et\/wp-json\/wp\/v2\/media?parent=1603"}],"wp:term":[{"taxonomy":"product_brand","embeddable":true,"href":"https:\/\/ayurvedafan.eu\/et\/wp-json\/wp\/v2\/product_brand?post=1603"},{"taxonomy":"product_cat","embeddable":true,"href":"https:\/\/ayurvedafan.eu\/et\/wp-json\/wp\/v2\/product_cat?post=1603"},{"taxonomy":"product_tag","embeddable":true,"href":"https:\/\/ayurvedafan.eu\/et\/wp-json\/wp\/v2\/product_tag?post=1603"}],"curies":[{"name":"t\u00f6\u00f6leht","href":"https:\/\/api.w.org\/{rel}","templated":true}]}}