{"id":1615,"date":"2025-04-19T06:14:11","date_gmt":"2025-04-19T06:14:11","guid":{"rendered":"https:\/\/ayurvedafan.eu\/?post_type=product&#038;p=1615"},"modified":"2025-08-28T19:03:11","modified_gmt":"2025-08-28T19:03:11","slug":"link-herbal-face-scrub","status":"publish","type":"product","link":"https:\/\/ayurvedafan.eu\/et\/toode\/link-herbal-face-scrub\/","title":{"rendered":"Linki taimne n\u00e4okoorija"},"content":{"rendered":"<div class=\"product-desc-content\">\n<div>\n<p><strong>Kirjeldus<\/strong><\/p>\n<p>Lisaks tavap\u00e4rasele nahapuhastusele vajab teie keha perioodilist koorimist. Veniveli ja sandlipuuga rikastatud Earth Essence&#039;i taimse kehakoorija kasutamine puhastab ja koorib nahka, j\u00e4ttes naha pehmeks ja siledaks.<\/p>\n<h4>KASUTUSJUHEND<\/h4>\n<p>Kanna s\u00f5rmeotstega n\u00e4ole ja kaelale ning masseeri \u00f5rnalt. Loputa veega. Kuivata ja kanna peale maap\u00e4hkliv\u00f5i-\u00fcrdi n\u00e4okreem. V\u00e4ldi kokkupuudet silmade ja huultega. \u00c4rrituse v\u00f5i allergia korral loputa maha ja l\u00f5peta kasutamine.<\/p>\n<p>Ainult v\u00e4lispidiseks kasutamiseks. Hoida jahedas, kuivas ja otsese p\u00e4ikesevalguse eest kaitstud kohas.<\/p>\n<p>&nbsp;<\/p>\n<p><strong>Koostisosad:<\/strong><\/p>\n<p>Venivel (Coscinium fenestratum), sandlipuu (Santalum album), vesi, isoprop\u00fc\u00fclm\u00fcristaat, vedel parafiin, tset\u00fc\u00fclalkohol.<\/p>\n<\/div>\n<div><\/div>\n<div><strong>Kaal<\/strong><\/div>\n<div>100g<\/div>\n<div><\/div>\n<div><b>P\u00e4ritoluriik<\/b><\/div>\n<ul>\n<li>Sri Lanka<\/li>\n<\/ul>\n<div id=\"jp-relatedposts\" class=\"jp-relatedposts\"><\/div>\n<\/div>","protected":false},"excerpt":{"rendered":"<div class=\"woocommerce-product-details__short-description\">\n<div class=\"woocommerce-product-details__short-description\">\n<div class=\"woocommerce-product-details__short-description\">Meie taimne n\u00e4okoorija on \u00fclim kodune n\u00e4ohooldus, mis koorib, poleerib ja puhastab \u00f5rnalt, et anda nahale puhas ja lisanditest vaba tulemus. \u00d5ige hoolduse regulaarne kasutamine annab suuremat kasu. Valemite t\u00e4iesti looduslikud koostisosad nagu Venivel ja sandlipuu tagavad \u00f5rna puhastuse, eemaldades surnud naharakud ja mustpead, eemaldades seisva rasu, kangekaelse meigi ja s\u00fcgavale juurdunud lisandid, j\u00e4ttes naha pehmeks ja siledaks.<\/div>\n<\/div>\n<\/div>\n<p>&nbsp;<\/p>\n<p><span style=\"color: #00ff00;\">\u2297<\/span> \u00a0 We deliver Estonia, free for orders over 55 \u20ac<\/p>\n<p><span style=\"color: #00ff00;\">\u2297<\/span>\u00a0 \u00a0Deliver to all European Union countries,<\/p>\n<p><span style=\"color: #00ff00;\">\u2297<\/span> \u00a0 Saadetakse t\u00e4na, kui tellite enne kella 15.00<\/p>\n<p><span style=\"color: #00ff00;\">\u2297<\/span> \u00a0 Ametlik edasim\u00fc\u00fcja Euroopas. Garanteerime originaalsuse ja kvaliteedi.<\/p>\n<p><span style=\"color: #00ff00;\">\u2297<\/span> \u00a0 100% kindel makse garanteeritud<\/p>","protected":false},"featured_media":1881,"comment_status":"open","ping_status":"closed","template":"","meta":[],"product_brand":[22],"product_cat":[20],"product_tag":[],"class_list":{"0":"post-1615","1":"product","2":"type-product","3":"status-publish","4":"has-post-thumbnail","6":"product_brand-link-natural","7":"product_cat-personal-care","9":"first","10":"outofstock","11":"shipping-taxable","12":"purchasable","13":"product-type-simple"},"jetpack_sharing_enabled":true,"_links":{"self":[{"href":"https:\/\/ayurvedafan.eu\/et\/wp-json\/wp\/v2\/product\/1615","targetHints":{"allow":["GET"]}}],"collection":[{"href":"https:\/\/ayurvedafan.eu\/et\/wp-json\/wp\/v2\/product"}],"about":[{"href":"https:\/\/ayurvedafan.eu\/et\/wp-json\/wp\/v2\/types\/product"}],"replies":[{"embeddable":true,"href":"https:\/\/ayurvedafan.eu\/et\/wp-json\/wp\/v2\/comments?post=1615"}],"wp:featuredmedia":[{"embeddable":true,"href":"https:\/\/ayurvedafan.eu\/et\/wp-json\/wp\/v2\/media\/1881"}],"wp:attachment":[{"href":"https:\/\/ayurvedafan.eu\/et\/wp-json\/wp\/v2\/media?parent=1615"}],"wp:term":[{"taxonomy":"product_brand","embeddable":true,"href":"https:\/\/ayurvedafan.eu\/et\/wp-json\/wp\/v2\/product_brand?post=1615"},{"taxonomy":"product_cat","embeddable":true,"href":"https:\/\/ayurvedafan.eu\/et\/wp-json\/wp\/v2\/product_cat?post=1615"},{"taxonomy":"product_tag","embeddable":true,"href":"https:\/\/ayurvedafan.eu\/et\/wp-json\/wp\/v2\/product_tag?post=1615"}],"curies":[{"name":"t\u00f6\u00f6leht","href":"https:\/\/api.w.org\/{rel}","templated":true}]}}