{"id":1616,"date":"2025-04-19T06:14:11","date_gmt":"2025-04-19T06:14:11","guid":{"rendered":"https:\/\/ayurvedafan.eu\/?post_type=product&#038;p=1616"},"modified":"2025-10-06T17:00:48","modified_gmt":"2025-10-06T17:00:48","slug":"link-herbal-face-wash","status":"publish","type":"product","link":"https:\/\/ayurvedafan.eu\/et\/toode\/link-herbal-face-wash\/","title":{"rendered":"Linki taimne n\u00e4opesuvahend"},"content":{"rendered":"<div class=\"product-desc-content\">\n<div>\n<p><strong>Kirjeldus<\/strong><\/p>\n<p>Puhastab, niisutab, hooldab ja elustab nahka. Edendab terve, pehme ja elastse naha tekstuuri. Earth Essence taimne n\u00e4opesuvahend sisaldab veniveli, gotukola, kurkumiekstrakte koos neroli\u00f5li, lavendli\u00f5li, teepuu\u00f5li ja loodusliku E-vitamiiniga. See spetsiaalselt loodud toode mitte ainult ei puhasta poore, vaid ka elustab, hooldab ja taastab niiskustasakaalu, andes teie n\u00e4ole selge ja v\u00e4rske v\u00e4limuse ning pehme ja elastse naha.<\/p>\n<h4>KASUTUSJUHEND<\/h4>\n<p>Kandke n\u00e4ole ja kaelale piisav kogus. Masseerige \u00f5rnalt s\u00f5rmedega. Loputage hoolikalt veega. Parima tulemuse saavutamiseks kasutage mullaessentsiga taimset n\u00e4okreemi. V\u00e4ltige silma sattumist. Allergia korral loputage maha ja l\u00f5petage kasutamine.<\/p>\n<p>Ainult v\u00e4lispidiseks kasutamiseks. Hoida jahedas, kuivas ja otsese p\u00e4ikesevalguse eest kaitstud kohas.<\/p>\n<p>&nbsp;<\/p>\n<p><strong>Koostisosad:<\/strong><\/p>\n<p>Hariliku vesiheina (Coscinium fenestrated), asiatica vesiheina (Gotukola) ja kurkumi (Curcuma longa) ekstraktid, neroli\u00f5li (Citrus aurantium), lavendli\u00f5li (Lavandula angustifolia), teepuu\u00f5li (Melaleuca alternifolia), looduslik E-vitamiin, vesi, naatriumlauro\u00fc\u00fclsarkosinaat, naatriumkokoamfoatsetaat, kokamidoprop\u00fc\u00fclbetaiin.<\/p>\n<\/div>\n<div><\/div>\n<div><strong>Kaal<\/strong><\/div>\n<div>100 ml<\/div>\n<div><\/div>\n<div><b>P\u00e4ritoluriik<\/b><\/div>\n<ul>\n<li>Sri Lanka<\/li>\n<\/ul>\n<div id=\"jp-relatedposts\" class=\"jp-relatedposts\"><\/div>\n<\/div>","protected":false},"excerpt":{"rendered":"<div class=\"woocommerce-product-details__short-description\">\n<div class=\"woocommerce-product-details__short-description\">\n<div class=\"woocommerce-product-details__short-description\">Earth Essence taimne n\u00e4opesuvahend sisaldab veniveli, gotukola ja kurkumi ekstrakte koos neroli\u00f5li, lavendli\u00f5li, teepuu\u00f5li ja loodusliku E-vitamiiniga. See spetsiaalselt loodud toode mitte ainult ei puhasta poore, vaid ka elustab, niisutab ja taastab niiskustasakaalu, andes teie n\u00e4ole puhta ja v\u00e4rske v\u00e4limuse ning pehme ja elastse naha.<\/div>\n<\/div>\n<\/div>\n<p>&nbsp;<\/p>\n<p><span style=\"color: #00ff00;\">\u2297<\/span> \u00a0 We deliver Estonia, free for orders over 55 \u20ac<\/p>\n<p><span style=\"color: #00ff00;\">\u2297<\/span>\u00a0 \u00a0Deliver to all European Union countries.<\/p>\n<p><span style=\"color: #00ff00;\">\u2297<\/span> \u00a0 Saadetakse t\u00e4na, kui tellite enne kella 15.00<\/p>\n<p><span style=\"color: #00ff00;\">\u2297<\/span> \u00a0 Official distributor in Europe. We guarantee originality and quality.<\/p>\n<p><span style=\"color: #00ff00;\">\u2297<\/span> \u00a0 100% kindel makse garanteeritud<\/p>","protected":false},"featured_media":1880,"comment_status":"open","ping_status":"closed","template":"","meta":[],"product_brand":[22],"product_cat":[20],"product_tag":[],"class_list":{"0":"post-1616","1":"product","2":"type-product","3":"status-publish","4":"has-post-thumbnail","6":"product_brand-link-natural","7":"product_cat-personal-care","9":"first","10":"outofstock","11":"sale","12":"shipping-taxable","13":"purchasable","14":"product-type-simple"},"jetpack_sharing_enabled":true,"_links":{"self":[{"href":"https:\/\/ayurvedafan.eu\/et\/wp-json\/wp\/v2\/product\/1616","targetHints":{"allow":["GET"]}}],"collection":[{"href":"https:\/\/ayurvedafan.eu\/et\/wp-json\/wp\/v2\/product"}],"about":[{"href":"https:\/\/ayurvedafan.eu\/et\/wp-json\/wp\/v2\/types\/product"}],"replies":[{"embeddable":true,"href":"https:\/\/ayurvedafan.eu\/et\/wp-json\/wp\/v2\/comments?post=1616"}],"wp:featuredmedia":[{"embeddable":true,"href":"https:\/\/ayurvedafan.eu\/et\/wp-json\/wp\/v2\/media\/1880"}],"wp:attachment":[{"href":"https:\/\/ayurvedafan.eu\/et\/wp-json\/wp\/v2\/media?parent=1616"}],"wp:term":[{"taxonomy":"product_brand","embeddable":true,"href":"https:\/\/ayurvedafan.eu\/et\/wp-json\/wp\/v2\/product_brand?post=1616"},{"taxonomy":"product_cat","embeddable":true,"href":"https:\/\/ayurvedafan.eu\/et\/wp-json\/wp\/v2\/product_cat?post=1616"},{"taxonomy":"product_tag","embeddable":true,"href":"https:\/\/ayurvedafan.eu\/et\/wp-json\/wp\/v2\/product_tag?post=1616"}],"curies":[{"name":"t\u00f6\u00f6leht","href":"https:\/\/api.w.org\/{rel}","templated":true}]}}