{"id":1618,"date":"2025-04-19T06:14:11","date_gmt":"2025-04-19T06:14:11","guid":{"rendered":"https:\/\/ayurvedafan.eu\/?post_type=product&#038;p=1618"},"modified":"2025-08-28T19:02:14","modified_gmt":"2025-08-28T19:02:14","slug":"ground-coffee-fine-with-ginger","status":"publish","type":"product","link":"https:\/\/ayurvedafan.eu\/et\/toode\/ground-coffee-fine-with-ginger\/","title":{"rendered":"Kohv peeneks ingveriga"},"content":{"rendered":"<div class=\"product-desc-content\">\n<h4>Kirjeldus<\/h4>\n<p>Island Coffee ingverikohv on t\u00e4idlase kehaga keskmise r\u00f6stiga segu, millel on rikkalik maitse ja p\u00fcsiv j\u00e4relmaitse. See GMO-vabadest koostisosadest valmistatud kohv on asjatundlikult segatud ja r\u00f6stitud, et pakkuda esmaklassilist kohvikogemust. Seda on k\u00f5ige parem nautida espressona, aga see sobib ka igas kohvimasinas kasutamiseks. Island Coffee asutati 1964. aastal ja on p\u00fchendunud kvaliteetse kohvipulbri tootmisele.<\/p>\n<p><b>Koostisosad<\/b><\/p>\n<ul>\n<li class=\"\" data-spm-anchor-id=\"a2a0e.pdp.product_detail.i0.69a15338bkGS9G\">T\u00e4idlane keskmise r\u00f6stiga, rikkaliku maitse ja p\u00fcsiva ingveri j\u00e4relmaitsega<\/li>\n<\/ul>\n<p><b>Br\u00e4nd<\/b><\/p>\n<ul>\n<li>Saarekohv<\/li>\n<\/ul>\n<p><strong>Kaal<\/strong><\/p>\n<ul>\n<li>100g<\/li>\n<\/ul>\n<p><b>P\u00e4ritolukoht<\/b><\/p>\n<ul>\n<li>Sri Lanka<\/li>\n<\/ul>\n<p><b>Hinne<\/b><\/p>\n<ul>\n<li>Premium<\/li>\n<\/ul>\n<\/div>","protected":false},"excerpt":{"rendered":"<div class=\"woocommerce-product-details__short-description\">\n<div class=\"woocommerce-product-details__short-description\">\n<p>Island Coffee ingverikohv on t\u00e4idlase kehaga keskmise r\u00f6stiga segu, millel on rikkalik maitse ja p\u00fcsiv j\u00e4relmaitse. See GMO-vabadest koostisosadest valmistatud kohv on asjatundlikult segatud ja r\u00f6stitud, et pakkuda esmaklassilist kohvikogemust. Seda on k\u00f5ige parem nautida espressona, aga see sobib ka igas kohvimasinas kasutamiseks. Island Coffee asutati 1964. aastal ja on p\u00fchendunud kvaliteetse kohvipulbri tootmisele.<\/p>\n<\/div>\n<\/div>\n<p>&nbsp;<\/p>\n<p><span style=\"color: #00ff00;\">\u2297<\/span> \u00a0 We deliver Estonia, free for orders over 55 \u20ac<\/p>\n<p><span style=\"color: #00ff00;\">\u2297<\/span>\u00a0 \u00a0Deliver to all European Union countries.<\/p>\n<p><span style=\"color: #00ff00;\">\u2297<\/span> \u00a0 Saadetakse t\u00e4na, kui tellite enne kella 15.00<\/p>\n<p><span style=\"color: #00ff00;\">\u2297<\/span> \u00a0 Ametlik edasim\u00fc\u00fcja Euroopas. Garanteerime originaalsuse ja kvaliteedi.<\/p>\n<p><span style=\"color: #00ff00;\">\u2297<\/span> \u00a0 100% kindel makse garanteeritud<\/p>","protected":false},"featured_media":1882,"comment_status":"open","ping_status":"closed","template":"","meta":[],"product_brand":[29],"product_cat":[19],"product_tag":[],"class_list":{"0":"post-1618","1":"product","2":"type-product","3":"status-publish","4":"has-post-thumbnail","6":"product_brand-other","7":"product_cat-herbal-tea","9":"first","10":"outofstock","11":"shipping-taxable","12":"purchasable","13":"product-type-simple"},"jetpack_sharing_enabled":true,"_links":{"self":[{"href":"https:\/\/ayurvedafan.eu\/et\/wp-json\/wp\/v2\/product\/1618","targetHints":{"allow":["GET"]}}],"collection":[{"href":"https:\/\/ayurvedafan.eu\/et\/wp-json\/wp\/v2\/product"}],"about":[{"href":"https:\/\/ayurvedafan.eu\/et\/wp-json\/wp\/v2\/types\/product"}],"replies":[{"embeddable":true,"href":"https:\/\/ayurvedafan.eu\/et\/wp-json\/wp\/v2\/comments?post=1618"}],"wp:featuredmedia":[{"embeddable":true,"href":"https:\/\/ayurvedafan.eu\/et\/wp-json\/wp\/v2\/media\/1882"}],"wp:attachment":[{"href":"https:\/\/ayurvedafan.eu\/et\/wp-json\/wp\/v2\/media?parent=1618"}],"wp:term":[{"taxonomy":"product_brand","embeddable":true,"href":"https:\/\/ayurvedafan.eu\/et\/wp-json\/wp\/v2\/product_brand?post=1618"},{"taxonomy":"product_cat","embeddable":true,"href":"https:\/\/ayurvedafan.eu\/et\/wp-json\/wp\/v2\/product_cat?post=1618"},{"taxonomy":"product_tag","embeddable":true,"href":"https:\/\/ayurvedafan.eu\/et\/wp-json\/wp\/v2\/product_tag?post=1618"}],"curies":[{"name":"t\u00f6\u00f6leht","href":"https:\/\/api.w.org\/{rel}","templated":true}]}}